{"id":3209,"date":"2017-08-08T10:05:19","date_gmt":"2017-08-08T07:05:19","guid":{"rendered":"https:\/\/tansuerakgun.com\/videolar\/"},"modified":"2024-12-31T11:12:37","modified_gmt":"2024-12-31T08:12:37","slug":"videos","status":"publish","type":"page","link":"https:\/\/tansuerakgun.com\/en\/videos\/","title":{"rendered":"Videos"},"content":{"rendered":"<h2><strong>Prof.Dr. Tansu Erakg\u00fcn<\/strong><\/h2>\n<h3><strong>You can access videos about eye diseases here.<\/strong><\/h3>\n<p>\u00a0<\/p>\n<div class=\"row\"  id=\"row-807514003\">\n\n\t<div id=\"col-2000505175\" class=\"col medium-6 small-12 large-6\"  >\n\t\t\t\t<div class=\"col-inner\"  >\n\t\t\t\n\t\t\t\n<div class=\"video video-fit mb\" style=\"padding-top:56.25%;\"><p><iframe title=\"Diyabetik Retinopati\" width=\"1020\" height=\"574\" src=\"https:\/\/www.youtube.com\/embed\/WzT701EN_e4?feature=oembed\" frameborder=\"0\" allow=\"accelerometer; autoplay; clipboard-write; encrypted-media; gyroscope; picture-in-picture; web-share\" referrerpolicy=\"strict-origin-when-cross-origin\" allowfullscreen><\/iframe><\/p>\n<\/div>\n\t\t<\/div>\n\t\t\t\t\t<\/div>\n\n\t\n\n\t<div id=\"col-1340698354\" class=\"col medium-6 small-12 large-6\"  >\n\t\t\t\t<div class=\"col-inner\"  >\n\t\t\t\n\t\t\t\n<div class=\"video video-fit mb\" style=\"padding-top:56.25%;\"><p><iframe title=\"Epiretinal Membran - Prof. Dr. Tansu Erakg\u00fcn\" width=\"1020\" height=\"574\" src=\"https:\/\/www.youtube.com\/embed\/18iD-9gHXLY?feature=oembed\" frameborder=\"0\" allow=\"accelerometer; autoplay; clipboard-write; encrypted-media; gyroscope; picture-in-picture; web-share\" referrerpolicy=\"strict-origin-when-cross-origin\" allowfullscreen><\/iframe><\/p>\n<\/div>\n\t\t<\/div>\n\t\t\t\t\t<\/div>\n\n\t\n<\/div>\n<div class=\"row\"  id=\"row-254009746\">\n\n\t<div id=\"col-313943751\" class=\"col medium-6 small-12 large-6\"  >\n\t\t\t\t<div class=\"col-inner\"  >\n\t\t\t\n\t\t\t\n<div class=\"video video-fit mb\" style=\"padding-top:56.25%;\"><p><iframe title=\"G\u00f6zi\u00e7i U\u00e7u\u015fan Cisim - Prof. Dr. Tansu Erakg\u00fcn\" width=\"1020\" height=\"574\" src=\"https:\/\/www.youtube.com\/embed\/97cu1PlHIEA?feature=oembed\" frameborder=\"0\" allow=\"accelerometer; autoplay; clipboard-write; encrypted-media; gyroscope; picture-in-picture; web-share\" referrerpolicy=\"strict-origin-when-cross-origin\" allowfullscreen><\/iframe><\/p>\n<\/div>\n\t\t<\/div>\n\t\t\t\t\t<\/div>\n\n\t\n\n\t<div id=\"col-1630540179\" class=\"col medium-6 small-12 large-6\"  >\n\t\t\t\t<div class=\"col-inner\"  >\n\t\t\t\n\t\t\t\n<div class=\"video video-fit mb\" style=\"padding-top:56.25%;\"><p><iframe title=\"G\u00f6z i\u00e7i \u0130\u011fne Tedavisi - Prof. Dr. Tansu Erakg\u00fcn\" width=\"1020\" height=\"574\" src=\"https:\/\/www.youtube.com\/embed\/b1PRhcwCyKk?feature=oembed\" frameborder=\"0\" allow=\"accelerometer; autoplay; clipboard-write; encrypted-media; gyroscope; picture-in-picture; web-share\" referrerpolicy=\"strict-origin-when-cross-origin\" allowfullscreen><\/iframe><\/p>\n<\/div>\n\t\t<\/div>\n\t\t\t\t\t<\/div>\n\n\t\n<\/div>\n<div class=\"row\"  id=\"row-653229806\">\n\n\t<div id=\"col-1127591059\" class=\"col medium-6 small-12 large-6\"  >\n\t\t\t\t<div class=\"col-inner\"  >\n\t\t\t\n\t\t\t\n<div class=\"video video-fit mb\" style=\"padding-top:56.25%;\"><p><iframe title=\"Retina Dekolman\u0131 Tedavisi - Prof. Dr. Tansu Erakg\u00fcn\" width=\"1020\" height=\"574\" src=\"https:\/\/www.youtube.com\/embed\/muQfufy3Uc4?feature=oembed\" frameborder=\"0\" allow=\"accelerometer; autoplay; clipboard-write; encrypted-media; gyroscope; picture-in-picture; web-share\" referrerpolicy=\"strict-origin-when-cross-origin\" allowfullscreen><\/iframe><\/p>\n<\/div>\n\t\t<\/div>\n\t\t\t\t\t<\/div>\n\n\t\n\n\t<div id=\"col-1342938681\" class=\"col medium-6 small-12 large-6\"  >\n\t\t\t\t<div class=\"col-inner\"  >\n\t\t\t\n\t\t\t\n<div class=\"video video-fit mb\" style=\"padding-top:56.25%;\"><p><iframe title=\"Sar\u0131 Nokta Hastal\u0131g\u0306\u0131 Lensler - Prof. Dr. Tansu Erakg\u00fcn\" width=\"1020\" height=\"574\" src=\"https:\/\/www.youtube.com\/embed\/45aBztY0eqQ?feature=oembed\" frameborder=\"0\" allow=\"accelerometer; autoplay; clipboard-write; encrypted-media; gyroscope; picture-in-picture; web-share\" referrerpolicy=\"strict-origin-when-cross-origin\" allowfullscreen><\/iframe><\/p>\n<\/div>\n\t\t<\/div>\n\t\t\t\t\t<\/div>\n\n\t\n<\/div>\n<div class=\"row\"  id=\"row-802185250\">\n\n\t<div id=\"col-2115142417\" class=\"col medium-6 small-12 large-6\"  >\n\t\t\t\t<div class=\"col-inner\"  >\n\t\t\t\n\t\t\t\n<div class=\"video video-fit mb\" style=\"padding-top:56.25%;\"><p><iframe title=\"Sar\u0131 Nokta Hastal\u0131g\u0306\u0131 Nedir ? - Prof. Dr. Tansu Erakg\u00fcn\" width=\"1020\" height=\"574\" src=\"https:\/\/www.youtube.com\/embed\/LRfoN15yDVg?feature=oembed\" frameborder=\"0\" allow=\"accelerometer; autoplay; clipboard-write; encrypted-media; gyroscope; picture-in-picture; web-share\" referrerpolicy=\"strict-origin-when-cross-origin\" allowfullscreen><\/iframe><\/p>\n<\/div>\n\t\t<\/div>\n\t\t\t\t\t<\/div>\n\n\t\n\n\t<div id=\"col-443419722\" class=\"col medium-6 small-12 large-6\"  >\n\t\t\t\t<div class=\"col-inner\"  >\n\t\t\t\n\t\t\t\n\t\t<\/div>\n\t\t\t\t\t<\/div>\n\n\t\n<\/div>\n","protected":false},"excerpt":{"rendered":"<p>Prof.Dr. Tansu Erakg\u00fcn You can access videos about eye diseases here. \u00a0<\/p>\n","protected":false},"author":2,"featured_media":0,"parent":0,"menu_order":0,"comment_status":"closed","ping_status":"closed","template":"","meta":{"footnotes":""},"class_list":["post-3209","page","type-page","status-publish","hentry"],"_links":{"self":[{"href":"https:\/\/tansuerakgun.com\/en\/wp-json\/wp\/v2\/pages\/3209","targetHints":{"allow":["GET"]}}],"collection":[{"href":"https:\/\/tansuerakgun.com\/en\/wp-json\/wp\/v2\/pages"}],"about":[{"href":"https:\/\/tansuerakgun.com\/en\/wp-json\/wp\/v2\/types\/page"}],"author":[{"embeddable":true,"href":"https:\/\/tansuerakgun.com\/en\/wp-json\/wp\/v2\/users\/2"}],"replies":[{"embeddable":true,"href":"https:\/\/tansuerakgun.com\/en\/wp-json\/wp\/v2\/comments?post=3209"}],"version-history":[{"count":2,"href":"https:\/\/tansuerakgun.com\/en\/wp-json\/wp\/v2\/pages\/3209\/revisions"}],"predecessor-version":[{"id":4333,"href":"https:\/\/tansuerakgun.com\/en\/wp-json\/wp\/v2\/pages\/3209\/revisions\/4333"}],"wp:attachment":[{"href":"https:\/\/tansuerakgun.com\/en\/wp-json\/wp\/v2\/media?parent=3209"}],"curies":[{"name":"wp","href":"https:\/\/api.w.org\/{rel}","templated":true}]}}