{"id":3695,"date":"2017-08-08T15:25:22","date_gmt":"2017-08-08T12:25:22","guid":{"rendered":"https:\/\/tansuerakgun.com\/?page_id=3695"},"modified":"2024-12-31T12:22:20","modified_gmt":"2024-12-31T09:22:20","slug":"cataract-surgery-complications","status":"publish","type":"page","link":"https:\/\/tansuerakgun.com\/en\/treatments\/cataract-surgery-complications\/","title":{"rendered":"Cataract Surgery Complications  in Izmir, Turkey"},"content":{"rendered":"\n\t<section class=\"section\" id=\"section_1135482928\">\n\t\t<div class=\"section-bg fill\" >\n\t\t\t\t\t\t\t\t\t\n\t\t\t\n\n\t\t<\/div>\n\n\t\t\n\n\t\t<div class=\"section-content relative\">\n\t\t\t\n  <div id=\"page-header-1387939430\" class=\"page-header-wrapper\">\n  <div class=\"page-title dark simple-title\">\n\n    \n    <div class=\"page-title-inner container align-top flex-row medium-flex-wrap\" >\n              <div class=\"title-wrapper flex-col text-left medium-text-center\">\n          <h1 class=\"entry-title mb-0\">\n            Cataract Surgery Complications  in Izmir, Turkey          <\/h1>\n        <\/div>\n                    <div class=\"title-content flex-col flex-right text-right medium-text-center\">\n        <div class=\"title-breadcrumbs pb-half pt-half\"><\/div>      <\/div>\n    <\/div>\n\n       <\/div>\n    <\/div>\n  \n\t\t<\/div>\n\n\t\t\n<style>\n#section_1135482928 {\n  padding-top: 30px;\n  padding-bottom: 30px;\n  background-color: #5186a2;\n}\n<\/style>\n\t<\/section>\n\t\n\n\t<section class=\"section\" id=\"section_634444797\">\n\t\t<div class=\"section-bg fill\" >\n\t\t\t\t\t\t\t\t\t\n\t\t\t\n\n\t\t<\/div>\n\n\t\t\n\n\t\t<div class=\"section-content relative\">\n\t\t\t\n<div class=\"row\"  id=\"row-1265834856\">\n\n\t<div id=\"col-1852169439\" class=\"col small-12 large-12\"  >\n\t\t\t\t<div class=\"col-inner\"  >\n\t\t\t\n\t\t\t\n<p>Today, cataract surgery is the most frequently performed surgery among eye diseases and extremely successful results are obtained with the seamless phaco technique. Patient satisfaction is at the highest level with both phaco and femtosecond phaco techniques.<\/p>\n<p>However, although rare, some undesirable complications may occur during or after surgery.<\/p>\n<p>Cataract, which must be completely removed during surgery, may fall into the back fluid of the eye, called vitreous, due to some difficulties. Or the intraocular lens placed in the eye during surgery may fall into the back of the eye (vitreous fluid).<\/p>\n<p>As I mentioned above, these rare complications may occur more frequently in some eyes;<\/p>\n<ul>\n<li>The eye has been hit before,<\/li>\n<li>Having undergone surgery (ocular pressure or vitrectomy),<\/li>\n<li>The pupil is not dilated sufficiently,<\/li>\n<li>Deep-set eyes,<\/li>\n<li>Those with certain connective tissue diseases are some of these situations.<\/li>\n<\/ul>\n<p>It should not be forgotten that the surgeon&#8217;s experience is also an important factor. It is one of the determining factors in preventing this complication from occurring, or in intervening in the most appropriate way if it occurs.<\/p>\n\n\t<section class=\"section\" id=\"section_1051114673\">\n\t\t<div class=\"section-bg fill\" >\n\t\t\t\t\t\t\t\t\t\n\t\t\t\n\n\t\t<\/div>\n\n\t\t\n\n\t\t<div class=\"section-content relative\">\n\t\t\t\r\n\r\n<div class=\"row\"  id=\"row-77272057\">\r\n\r\n\n\t<div id=\"col-172098039\" class=\"col small-12 large-12\"  >\n\t\t\t\t<div class=\"col-inner\" style=\"background-color:#5186a2;\" >\n\t\t\t\n\t\t\t\r\n\r\n<div class=\"row align-middle\"  id=\"row-1665961017\">\r\n\r\n\n\t<div id=\"col-1497616060\" class=\"col medium-3 small-12 large-3\"  >\n\t\t\t\t<div class=\"col-inner\"  >\n\t\t\t\n\t\t\t\r\n\r\n\t<div class=\"img has-hover border-gorsel x md-x lg-x y md-y lg-y\" id=\"image_1896217455\">\n\t\t\t\t\t\t\t\t<div class=\"img-inner dark\" >\n\t\t\t<img decoding=\"async\" width=\"900\" height=\"1350\" src=\"https:\/\/tansuerakgun.com\/wp-content\/uploads\/2023\/06\/tansubey2-1-1.jpg\" class=\"attachment-2048x2048 size-2048x2048\" alt=\"tansu erakg\u00fcn izmir g\u00f6z doktoru\" srcset=\"https:\/\/tansuerakgun.com\/wp-content\/uploads\/2023\/06\/tansubey2-1-1.jpg 900w, https:\/\/tansuerakgun.com\/wp-content\/uploads\/2023\/06\/tansubey2-1-1-200x300.jpg 200w, https:\/\/tansuerakgun.com\/wp-content\/uploads\/2023\/06\/tansubey2-1-1-683x1024.jpg 683w, https:\/\/tansuerakgun.com\/wp-content\/uploads\/2023\/06\/tansubey2-1-1-768x1152.jpg 768w\" sizes=\"(max-width: 900px) 100vw, 900px\" title=\"\">\t\t\t\t\t\t\n\t\t\t\t\t<\/div>\n\t\t\t\t\t\t\t\t\n<style>\n#image_1896217455 {\n  width: 100%;\n}\n<\/style>\n\t<\/div>\n\t\r\n\r\n\t\t<\/div>\n\t\t\t\t\t<\/div>\n\n\t\r\n\n\t<div id=\"col-1434977853\" class=\"col medium-9 small-12 large-9\"  >\n\t\t\t\t<div class=\"col-inner dark\"  >\n\t\t\t\n\t\t\t\r\n\r\n\t<div id=\"text-346703580\" class=\"text\">\n\t\t\r\n\r\n<span style=\"font-size: 150%;\"><strong>Prof. Dr. Tansu Erakg\u00fcn<\/strong><\/span>\r\n<span style=\"font-size: 75%;\">Retina Diseases and Vitreoretinal Surgery Specialist<\/span>\r\n\r\n\t\t\n<style>\n#text-346703580 {\n  font-size: 1rem;\n}\n@media (min-width:550px) {\n  #text-346703580 {\n    font-size: 1.5rem;\n  }\n}\n<\/style>\n\t<\/div>\n\t\r\n\r\n<p>Born on March 20, 1968, in \u0130zmir, Prof. Dr. Tansu Erakg\u00fcn completed his middle education at Saint Joseph College and his high school education at Kar\u015f\u0131yaka Gazi High School. After graduating from Ege University Faculty of Medicine in 1992, which he entered in 1986, he began his residency training in the Department of Ophthalmology at Ege University Faculty of Medicine Hospital in the same year. In 1997, he became a specialist...<\/p>\r\n\r\n<a href=\"\/en\/about-us\/\" class=\"button white is-small lowercase\" style=\"border-radius:10px;\">\n\t\t<span>About Me<\/span>\n\t<\/a>\n\r\n\r\n<a href=\"\/en\/videos\/\" class=\"button white is-small lowercase\" style=\"border-radius:10px;\">\n\t\t<span>Videos<\/span>\n\t<\/a>\n\r\n\r\n\t\t<\/div>\n\t\t\t\t\t<\/div>\n\n\t\r\n\r\n<\/div>\r\n\r\n\t\t<\/div>\n\t\t\t\t\n<style>\n#col-172098039 > .col-inner {\n  padding: 30px 15px 1px 15px;\n  margin: 0px 0px -20px 0px;\n  border-radius: 20px;\n}\n@media (min-width:550px) {\n  #col-172098039 > .col-inner {\n    padding: 30px 30px 1px 30px;\n  }\n}\n<\/style>\n\t<\/div>\n\n\t\r\n\r\n<\/div>\r\n\r\n\t\t<\/div>\n\n\t\t\n<style>\n#section_1051114673 {\n  padding-top: 30px;\n  padding-bottom: 30px;\n}\n<\/style>\n\t<\/section>\n\t\n\t\t<\/div>\n\t\t\t\t\t<\/div>\n\n\t\n<\/div>\n\t\t<\/div>\n\n\t\t\n<style>\n#section_634444797 {\n  padding-top: 30px;\n  padding-bottom: 30px;\n}\n<\/style>\n\t<\/section>\n\t\n\n\t<section class=\"section\" id=\"section_1019529045\">\n\t\t<div class=\"section-bg fill\" >\n\t\t\t\t\t\t\t\t\t\n\t\t\t\n\n\t\t<\/div>\n\n\t\t\n\n\t\t<div class=\"section-content relative\">\n\t\t\t\n<div class=\"row\"  id=\"row-703925550\">\n\n\t<div id=\"col-1821144845\" class=\"col small-12 large-12\"  >\n\t\t\t\t<div class=\"col-inner\"  >\n\t\t\t\n\t\t\t\n<div id=\"ez-toc-container\" class=\"ez-toc-v2_0_82_2 counter-hierarchy ez-toc-counter ez-toc-custom ez-toc-container-direction\">\n<div class=\"ez-toc-title-container\">\n<p class=\"ez-toc-title\" style=\"cursor:inherit\">\u0130\u00e7indekiler<\/p>\n<span class=\"ez-toc-title-toggle\"><a href=\"#\" class=\"ez-toc-pull-right ez-toc-btn ez-toc-btn-xs ez-toc-btn-default ez-toc-toggle\" aria-label=\"Toggle Table of Content\"><span class=\"ez-toc-js-icon-con\"><span class=\"\"><span class=\"eztoc-hide\" style=\"display:none;\">Toggle<\/span><span class=\"ez-toc-icon-toggle-span\"><svg style=\"fill: #ffffff;color:#ffffff\" xmlns=\"http:\/\/www.w3.org\/2000\/svg\" class=\"list-377408\" width=\"20px\" height=\"20px\" viewBox=\"0 0 24 24\" fill=\"none\"><path d=\"M6 6H4v2h2V6zm14 0H8v2h12V6zM4 11h2v2H4v-2zm16 0H8v2h12v-2zM4 16h2v2H4v-2zm16 0H8v2h12v-2z\" fill=\"currentColor\"><\/path><\/svg><svg style=\"fill: #ffffff;color:#ffffff\" class=\"arrow-unsorted-368013\" xmlns=\"http:\/\/www.w3.org\/2000\/svg\" width=\"10px\" height=\"10px\" viewBox=\"0 0 24 24\" version=\"1.2\" baseProfile=\"tiny\"><path d=\"M18.2 9.3l-6.2-6.3-6.2 6.3c-.2.2-.3.4-.3.7s.1.5.3.7c.2.2.4.3.7.3h11c.3 0 .5-.1.7-.3.2-.2.3-.5.3-.7s-.1-.5-.3-.7zM5.8 14.7l6.2 6.3 6.2-6.3c.2-.2.3-.5.3-.7s-.1-.5-.3-.7c-.2-.2-.4-.3-.7-.3h-11c-.3 0-.5.1-.7.3-.2.2-.3.5-.3.7s.1.5.3.7z\"\/><\/svg><\/span><\/span><\/span><\/a><\/span><\/div>\n<nav><ul class='ez-toc-list ez-toc-list-level-1 ' ><li class='ez-toc-page-1 ez-toc-heading-level-2'><a class=\"ez-toc-link ez-toc-heading-1\" href=\"https:\/\/tansuerakgun.com\/en\/treatments\/cataract-surgery-complications\/#How_many_days_should_attention_be_paid_after_cataract_surgery\" >How many days should attention be paid after cataract surgery?<\/a><\/li><li class='ez-toc-page-1 ez-toc-heading-level-2'><a class=\"ez-toc-link ez-toc-heading-2\" href=\"https:\/\/tansuerakgun.com\/en\/treatments\/cataract-surgery-complications\/#FAQ\" >F.A.Q.<\/a><\/li><\/ul><\/nav><\/div>\n<h2><span class=\"ez-toc-section\" id=\"How_many_days_should_attention_be_paid_after_cataract_surgery\"><\/span>How many days should attention be paid after cataract surgery?<span class=\"ez-toc-section-end\"><\/span><\/h2>\n<p>Expert doctors provide detailed information on how many days to be careful after cataract surgery. Although cataract surgery is generally a very safe procedure, it has some risks, like any surgery. Most of these risks can occur in the first few days after surgery, and there are some issues that patients should pay attention to. After cataract surgery, one of the most important issues that patients should pay attention to is the protection of the eye where the surgery was performed. During this period, the risk of infection in the eye is high. Therefore, regular use of eye drops recommended by the doctor and protecting the eye using a protective goggle or bandage helps reduce the risk of infection. If there is pain or a severe burning sensation in the eye area, it is important to consult a doctor.<\/p>\n<p>In rare cases, serious complications such as infection, bleeding, or changes in intraocular pressure may occur after cataract surgery. In these cases, it is important to contact the doctor immediately and get the necessary interventions. After cataract surgery, patients are advised to avoid putting pressure, harsh movements, bending or heavy lifting on the eye where the surgery was performed, and activities such as swimming or sauna may not be recommended for a while.<\/p>\n\n\t<section class=\"section\" id=\"section_1932426254\">\n\t\t<div class=\"section-bg fill\" >\n\t\t\t\t\t\t\t\t\t\n\t\t\t\n\n\t\t<\/div>\n\n\t\t\n\n\t\t<div class=\"section-content relative\">\n\t\t\t\n\n<div class=\"row\"  id=\"row-1563458490\">\n\n\n\t<div id=\"col-1013956870\" class=\"col small-12 large-12\"  >\n\t\t\t\t<div class=\"col-inner box-shadow-2\"  >\n\t\t\t\n\t\t\t\n\n<div class=\"row\"  id=\"row-644838177\">\n\n\n\t<div id=\"col-471339170\" class=\"col whatsapp-alani hide-for-small medium-3 small-12 large-3\"  >\n\t\t\t\t<div class=\"col-inner box-shadow-2\" style=\"background-color:rgb(37, 211, 102);\" >\n\t\t\t\n\t\t\t\n\n\t<div id=\"text-2217938030\" class=\"text\">\n\t\t\n\n<a href=\"https:\/\/api.whatsapp.com\/send\/?phone=905422371206&amp;text=Hello%2C+I+am+reaching+you+from+Prof.+Dr.+Tansu+Erakg%C3%BCn%27s+address.&amp;type=phone_number&amp;app_absent=0\" target=\"_blank\" rel=\"noopener\"><span style=\"color: #ffffff;\">Click for 24\/7 WhatsApp <\/span><span style=\"color: #ffffff;\">here!<\/span><\/a>\n\t\t\n<style>\n#text-2217938030 {\n  font-size: 1.5rem;\n  text-align: center;\n  color: rgb(255,255,255);\n}\n#text-2217938030 > * {\n  color: rgb(255,255,255);\n}\n<\/style>\n\t<\/div>\n\t\n\n\t\t<\/div>\n\t\t\t\t\n<style>\n#col-471339170 > .col-inner {\n  padding: 30px 0px 12px 0px;\n  margin: 0px 0px -31px 0px;\n}\n<\/style>\n\t<\/div>\n\n\t\n\n\t<div id=\"col-1239146933\" class=\"col show-for-small medium-3 small-12 large-3\"  >\n\t\t\t\t<div class=\"col-inner box-shadow-2\" style=\"background-color:rgb(37, 211, 102);\" >\n\t\t\t\n\t\t\t\n\n\t<div id=\"text-1793057934\" class=\"text\">\n\t\t\n\n<a href=\"https:\/\/api.whatsapp.com\/send\/?phone=905422371206&amp;text=Hello%2C+I+am+reaching+you+from+Prof.+Dr.+Tansu+Erakg%C3%BCn%27s+address.&amp;type=phone_number&amp;app_absent=0\" target=\"_blank\" rel=\"noopener\"><span style=\"color: #ffffff;\">Click for 24\/7 WhatsApp <\/span><span style=\"color: #ffffff;\">here!<\/span><\/a>\n\t\t\n<style>\n#text-1793057934 {\n  font-size: 1.25rem;\n  text-align: center;\n  color: rgb(255,255,255);\n}\n#text-1793057934 > * {\n  color: rgb(255,255,255);\n}\n@media (min-width:550px) {\n  #text-1793057934 {\n    font-size: 1.5rem;\n  }\n}\n<\/style>\n\t<\/div>\n\t\n\n\t\t<\/div>\n\t\t\t\t\n<style>\n#col-1239146933 > .col-inner {\n  padding: 20px 0px 1px 0px;\n  margin: 0px 0px 0px 0px;\n  border-radius: 100px;\n}\n@media (min-width:550px) {\n  #col-1239146933 > .col-inner {\n    margin: 0px 0px -40px 0px;\n  }\n}\n<\/style>\n\t<\/div>\n\n\t\n\n\t<div id=\"col-198381890\" class=\"col medium-9 small-12 large-9\"  >\n\t\t\t\t<div class=\"col-inner text-left\"  >\n\t\t\t\n\t<div class=\"is-border\"\n\t\tstyle=\"border-width:0px 0px 0px 0px;margin:0px 0px 0px 0px;\">\n\t<\/div>\n\t\t\t\n\n<div class=\"row\"  id=\"row-1499818087\">\n\n\n\t<div id=\"col-1986805669\" class=\"col small-12 large-12\"  >\n\t\t\t\t<div class=\"col-inner\"  >\n\t\t\t\n\t\t\t\n\n\n<div class=\"wpcf7 no-js\" id=\"wpcf7-f4303-o1\" lang=\"en-US\" dir=\"ltr\" data-wpcf7-id=\"4303\">\n<div class=\"screen-reader-response\"><p role=\"status\" aria-live=\"polite\" aria-atomic=\"true\"><\/p> <ul><\/ul><\/div>\n<form action=\"\/en\/wp-json\/wp\/v2\/pages\/3695#wpcf7-f4303-o1\" method=\"post\" class=\"wpcf7-form init\" aria-label=\"Contact form\" novalidate=\"novalidate\" data-status=\"init\">\n<fieldset class=\"hidden-fields-container\"><input type=\"hidden\" name=\"_wpcf7\" value=\"4303\" \/><input type=\"hidden\" name=\"_wpcf7_version\" value=\"6.1.5\" \/><input type=\"hidden\" name=\"_wpcf7_locale\" value=\"en_US\" \/><input type=\"hidden\" name=\"_wpcf7_unit_tag\" value=\"wpcf7-f4303-o1\" \/><input type=\"hidden\" name=\"_wpcf7_container_post\" value=\"0\" \/><input type=\"hidden\" name=\"_wpcf7_posted_data_hash\" value=\"\" \/>\n<\/fieldset>\n<div class=\"sp-form\">\n\t<div class=\"col-row\">\n\t\t<div class=\"col-quarter\">\n\t\t\t<p><span class=\"wpcf7-form-control-wrap\" data-name=\"text-340\"><input size=\"40\" maxlength=\"400\" class=\"wpcf7-form-control wpcf7-text wpcf7-validates-as-required\" autocomplete=\"name\" aria-required=\"true\" aria-invalid=\"false\" placeholder=\"Name\" value=\"\" type=\"text\" name=\"text-340\" \/><\/span>\n\t\t\t<\/p>\n\t\t<\/div>\n\t\t<div class=\"col-quarter\">\n\t\t\t<p><span class=\"wpcf7-form-control-wrap\" data-name=\"tel-10\"><input size=\"40\" maxlength=\"400\" class=\"wpcf7-form-control wpcf7-tel wpcf7-validates-as-required wpcf7-text wpcf7-validates-as-tel\" autocomplete=\"name\" aria-required=\"true\" aria-invalid=\"false\" placeholder=\"Phone\" value=\"\" type=\"tel\" name=\"tel-10\" \/><\/span>\n\t\t\t<\/p>\n\t\t<\/div>\n\t\t<div class=\"col-quarter\">\n\t\t\t<p><span class=\"wpcf7-form-control-wrap\" data-name=\"email-563\"><input size=\"40\" maxlength=\"400\" class=\"wpcf7-form-control wpcf7-email wpcf7-validates-as-required wpcf7-text wpcf7-validates-as-email\" autocomplete=\"name\" aria-required=\"true\" aria-invalid=\"false\" placeholder=\"Email\" value=\"\" type=\"email\" name=\"email-563\" \/><\/span>\n\t\t\t<\/p>\n\t\t<\/div>\n\t\t<div class=\"col-quarter\">\n\t\t\t<p><input class=\"wpcf7-form-control wpcf7-submit has-spinner\" type=\"submit\" value=\"SEND\" \/>\n\t\t\t<\/p>\n\t\t<\/div>\n\t<\/div>\n<\/div><p style=\"display: none !important;\" class=\"akismet-fields-container\" data-prefix=\"_wpcf7_ak_\"><label>&#916;<textarea name=\"_wpcf7_ak_hp_textarea\" cols=\"45\" rows=\"8\" maxlength=\"100\"><\/textarea><\/label><input type=\"hidden\" id=\"ak_js_1\" name=\"_wpcf7_ak_js\" value=\"199\"\/><script>document.getElementById( \"ak_js_1\" ).setAttribute( \"value\", ( new Date() ).getTime() );<\/script><\/p><div class=\"wpcf7-response-output\" aria-hidden=\"true\"><\/div>\n<\/form>\n<\/div>\n\n\n\n\t\t<\/div>\n\t\t\t\t\n<style>\n#col-1986805669 > .col-inner {\n  margin: 0px 0px -60px 0px;\n}\n<\/style>\n\t<\/div>\n\n\t\n\n\t<div id=\"col-2040469503\" class=\"col small-12 large-12\"  >\n\t\t\t\t<div class=\"col-inner\"  >\n\t\t\t\n\t\t\t\n\n\t<div id=\"text-4148755780\" class=\"text\">\n\t\t\n\n*We recommend that you fill in all fields to allow us to respond in the best possible way.\n\t\t\n<style>\n#text-4148755780 {\n  font-size: 0.85rem;\n  line-height: 1.5;\n}\n@media (min-width:550px) {\n  #text-4148755780 {\n    line-height: 0.75;\n  }\n}\n<\/style>\n\t<\/div>\n\t\n\n\t\t<\/div>\n\t\t\t\t\n<style>\n#col-2040469503 > .col-inner {\n  margin: 0px 0px -40px 0px;\n}\n<\/style>\n\t<\/div>\n\n\t\n\n<\/div>\n\n\t\t<\/div>\n\t\t\t\t\n<style>\n#col-198381890 > .col-inner {\n  padding: 0px 0px 0px 0px;\n  margin: 0px 0px -20px 0px;\n}\n@media (min-width:550px) {\n  #col-198381890 > .col-inner {\n    padding: 20px 0px 0px 0px;\n    margin: 0px 0px -66px 0px;\n  }\n}\n<\/style>\n\t<\/div>\n\n\t\n\n<\/div>\n\n\t\t<\/div>\n\t\t\t\t\n<style>\n#col-1013956870 > .col-inner {\n  padding: 30px 10px 0px 10px;\n  border-radius: 30px;\n}\n@media (min-width:550px) {\n  #col-1013956870 > .col-inner {\n    padding: 0px 20px 0px 0px;\n  }\n}\n<\/style>\n\t<\/div>\n\n\t\n\n<\/div>\n\n\t\t<\/div>\n\n\t\t\n<style>\n#section_1932426254 {\n  padding-top: 30px;\n  padding-bottom: 30px;\n}\n<\/style>\n\t<\/section>\n\t\n\t\t<\/div>\n\t\t\t\t\t<\/div>\n\n\t\n<\/div>\n\t\t<\/div>\n\n\t\t\n<style>\n#section_1019529045 {\n  padding-top: 30px;\n  padding-bottom: 30px;\n}\n<\/style>\n\t<\/section>\n\t\n\n\t<section class=\"section\" id=\"section_1051872607\">\n\t\t<div class=\"section-bg fill\" >\n\t\t\t\t\t\t\t\t\t\n\t\t\t\n\n\t\t<\/div>\n\n\t\t\n\n\t\t<div class=\"section-content relative\">\n\t\t\t\n<div class=\"row\"  id=\"row-382223573\">\n\n\t<div id=\"col-425994776\" class=\"col small-12 large-12\"  >\n\t\t\t\t<div class=\"col-inner\"  >\n\t\t\t\n\t\t\t\n<h2><span class=\"ez-toc-section\" id=\"FAQ\"><\/span>F.A.Q.<span class=\"ez-toc-section-end\"><\/span><\/h2>\n<p><strong>What are the complications of cataract surgery?<\/strong><\/p>\n<p>Complications of cataract surgery include: Drug side effects: Drugs used after cataract surgery may have side effects. Infection: Infection may occur within the eye after cataract surgery. Bleeding: Bleeding may occur within the eye during cataract surgery. Leaving pieces inside the eye: &#8220;During cataract surgery, cataract fragments may be left inside the eye. Increased eye pressure: Increased eye pressure may occur after cataract surgery. Corneal edema: Swelling and cloudiness may occur in the transparent layer of the eye.<\/p>\n<p><strong>How common are complications from cataract surgery?<\/strong><\/p>\n<p>Cataract surgeries are generally known as very effective surgeries and generally give positive results. When considered from this perspective, it can be said that complications that may arise from cataract surgery are quite rare. However, any complications occurring during cataract surgery can create some very dangerous situations for the patient. &#8220;For this reason, it is important that the surgery be performed by an experienced doctor and that the necessary precautions are taken before and after the surgery.<\/p>\n<p><strong>What is the recovery period after cataract surgery complications?<\/strong><\/p>\n<p>Cataract surgeries are generally known as very successful surgeries with good results. However, in very rare cases, some complications such as bleeding or corneal edema may occur in patients. The healing process of these complications depends on the nature of the complication and the surgical method applied to the patient. &#8220;It may vary considerably depending on the situation and it is not possible to specify an exact period.<\/p>\n\n\t<section class=\"section dark\" id=\"section_1939357205\">\n\t\t<div class=\"section-bg fill\" >\n\t\t\t\t\t\t\t\t\t\n\t\t\t\n\n\t\t<\/div>\n\n\t\t\n\n\t\t<div class=\"section-content relative\">\n\t\t\t\r\n\r\n\t<div id=\"gap-224034389\" class=\"gap-element clearfix hide-for-medium\" style=\"display:block; height:auto;\">\n\t\t\n<style>\n#gap-224034389 {\n  padding-top: 10px;\n}\n<\/style>\n\t<\/div>\n\t\r\n\r\n<div class=\"row align-middle\"  id=\"row-1999339099\">\r\n\r\n\n\t<div id=\"col-326176806\" class=\"col medium-12 small-12 large-7\"  >\n\t\t\t\t<div class=\"col-inner\"  >\n\t\t\t\n\t\t\t\r\n\r\n\t<div id=\"text-3607532988\" class=\"text\">\n\t\t\r\n\r\n<div><strong>Contact us for detailed information and appointments!<\/strong><\/div>\r\n\t\t\n<style>\n#text-3607532988 {\n  font-size: 1.25rem;\n  text-align: center;\n}\n@media (min-width:850px) {\n  #text-3607532988 {\n    font-size: 1.6rem;\n    text-align: left;\n  }\n}\n<\/style>\n\t<\/div>\n\t\r\n\r\n\t\t<\/div>\n\t\t\t\t\n<style>\n#col-326176806 > .col-inner {\n  padding: 20px 0px 0px 0px;\n  margin: 0px 0px -10px 0px;\n}\n@media (min-width:550px) {\n  #col-326176806 > .col-inner {\n    padding: 0px 0px 0px 0px;\n  }\n}\n<\/style>\n\t<\/div>\n\n\t\r\n\n\t<div id=\"col-498649561\" class=\"col medium-5 small-12 large-5\"  >\n\t\t\t\t<div class=\"col-inner text-center\"  >\n\t\t\t\n\t\t\t\r\n\r\n<a href=\"https:\/\/api.whatsapp.com\/send\/?phone=905422371206&#038;text=Hello%2C+I+am+reaching+you+from+Prof.+Dr.+Tansu+Erakg%C3%BCn%27s+address.&#038;type=phone_number&#038;app_absent=0\" class=\"button success is-shade is-small box-shadow-5\" style=\"border-radius:10px;padding:5px 20px 5px 20px;\" target=\"_blank\" rel=\"noopener\">\n\t\t<span>Contact via WhatsApp<\/span>\n\t<i class=\"icon-whatsapp\" aria-hidden=\"true\"><\/i><\/a>\n\r\n\r\n\t\t<\/div>\n\t\t\t\t\n<style>\n#col-498649561 > .col-inner {\n  padding: 20px 0px 0px 0px;\n}\n<\/style>\n\t<\/div>\n\n\t\r\n\r\n<\/div>\r\n\r\n\t\t<\/div>\n\n\t\t\n<style>\n#section_1939357205 {\n  padding-top: 0px;\n  padding-bottom: 0px;\n  background-color: rgb(81, 134, 162);\n}\n<\/style>\n\t<\/section>\n\t\r\n\t<div id=\"gap-757117981\" class=\"gap-element clearfix\" style=\"display:block; height:auto;\">\n\t\t\n<style>\n#gap-757117981 {\n  padding-top: 20px;\n}\n<\/style>\n\t<\/div>\n\t\r\n\n<p><strong>References<\/strong>:<\/p>\n<p><a href=\"https:\/\/www.webmd.com\/eye-health\/cataracts\/complications-cataract-surgery\" target=\"_blank\" rel=\"noopener\">https:\/\/www.webmd.com\/eye-health\/cataracts\/complications-cataract-surgery<\/a><\/p>\n<p>Chan, E., Mahroo, O. A., &amp; Spalton, D. J. (2010). <a href=\"https:\/\/www.tandfonline.com\/doi\/abs\/10.1111\/j.1444-0938.2010.00516.x\" target=\"_blank\" rel=\"noopener\">Complications of cataract surgery<\/a>. Clinical and Experimental Optometry, 93(6), 379-389.<\/p>\n\t\t<\/div>\n\t\t\t\t\t<\/div>\n\n\t\n<\/div>\n\t\t<\/div>\n\n\t\t\n<style>\n#section_1051872607 {\n  padding-top: 30px;\n  padding-bottom: 30px;\n}\n<\/style>\n\t<\/section>\n\t\n","protected":false},"excerpt":{"rendered":"","protected":false},"author":2,"featured_media":2980,"parent":3485,"menu_order":0,"comment_status":"closed","ping_status":"closed","template":"page-blank.php","meta":{"footnotes":""},"class_list":["post-3695","page","type-page","status-publish","has-post-thumbnail","hentry"],"_links":{"self":[{"href":"https:\/\/tansuerakgun.com\/en\/wp-json\/wp\/v2\/pages\/3695","targetHints":{"allow":["GET"]}}],"collection":[{"href":"https:\/\/tansuerakgun.com\/en\/wp-json\/wp\/v2\/pages"}],"about":[{"href":"https:\/\/tansuerakgun.com\/en\/wp-json\/wp\/v2\/types\/page"}],"author":[{"embeddable":true,"href":"https:\/\/tansuerakgun.com\/en\/wp-json\/wp\/v2\/users\/2"}],"replies":[{"embeddable":true,"href":"https:\/\/tansuerakgun.com\/en\/wp-json\/wp\/v2\/comments?post=3695"}],"version-history":[{"count":4,"href":"https:\/\/tansuerakgun.com\/en\/wp-json\/wp\/v2\/pages\/3695\/revisions"}],"predecessor-version":[{"id":4394,"href":"https:\/\/tansuerakgun.com\/en\/wp-json\/wp\/v2\/pages\/3695\/revisions\/4394"}],"up":[{"embeddable":true,"href":"https:\/\/tansuerakgun.com\/en\/wp-json\/wp\/v2\/pages\/3485"}],"wp:featuredmedia":[{"embeddable":true,"href":"https:\/\/tansuerakgun.com\/en\/wp-json\/wp\/v2\/media\/2980"}],"wp:attachment":[{"href":"https:\/\/tansuerakgun.com\/en\/wp-json\/wp\/v2\/media?parent=3695"}],"curies":[{"name":"wp","href":"https:\/\/api.w.org\/{rel}","templated":true}]}}