{"id":3723,"date":"2017-08-08T15:20:26","date_gmt":"2017-08-08T12:20:26","guid":{"rendered":"https:\/\/tansuerakgun.com\/?page_id=3723"},"modified":"2024-12-31T13:59:27","modified_gmt":"2024-12-31T10:59:27","slug":"eye-floaters","status":"publish","type":"page","link":"https:\/\/tansuerakgun.com\/en\/treatments\/retinal-detachment-surgery\/eye-floaters\/","title":{"rendered":"Eye Floaters Treatments in Izmir, Turkey"},"content":{"rendered":"\n\t<section class=\"section\" id=\"section_1669242675\">\n\t\t<div class=\"section-bg fill\" >\n\t\t\t\t\t\t\t\t\t\n\t\t\t\n\n\t\t<\/div>\n\n\t\t\n\n\t\t<div class=\"section-content relative\">\n\t\t\t\n  <div id=\"page-header-663044745\" class=\"page-header-wrapper\">\n  <div class=\"page-title dark simple-title\">\n\n    \n    <div class=\"page-title-inner container align-top flex-row medium-flex-wrap\" >\n              <div class=\"title-wrapper flex-col text-left medium-text-center\">\n          <h1 class=\"entry-title mb-0\">\n            Eye Floaters Treatments in Izmir, Turkey          <\/h1>\n        <\/div>\n                    <div class=\"title-content flex-col flex-right text-right medium-text-center\">\n        <div class=\"title-breadcrumbs pb-half pt-half\"><\/div>      <\/div>\n    <\/div>\n\n       <\/div>\n    <\/div>\n  \n\t\t<\/div>\n\n\t\t\n<style>\n#section_1669242675 {\n  padding-top: 30px;\n  padding-bottom: 30px;\n  background-color: #5186a2;\n}\n<\/style>\n\t<\/section>\n\t\n\n\t<section class=\"section\" id=\"section_1880032083\">\n\t\t<div class=\"section-bg fill\" >\n\t\t\t\t\t\t\t\t\t\n\t\t\t\n\n\t\t<\/div>\n\n\t\t\n\n\t\t<div class=\"section-content relative\">\n\t\t\t\n<div class=\"row\"  id=\"row-851685771\">\n\n\t<div id=\"col-2090879953\" class=\"col small-12 large-12\"  >\n\t\t\t\t<div class=\"col-inner\"  >\n\t\t\t\n\t\t\t\n<p>Seeing dots or floaters in the eyes can be distracting and lead to panic. While most of these objects are normal, some may be an important issue that requires discussion with your doctor.<\/p>\n\n\t<section class=\"section\" id=\"section_1886777351\">\n\t\t<div class=\"section-bg fill\" >\n\t\t\t\t\t\t\t\t\t\n\t\t\t\n\n\t\t<\/div>\n\n\t\t\n\n\t\t<div class=\"section-content relative\">\n\t\t\t\r\n\r\n<div class=\"row\"  id=\"row-1110871055\">\r\n\r\n\n\t<div id=\"col-1626312978\" class=\"col small-12 large-12\"  >\n\t\t\t\t<div class=\"col-inner\" style=\"background-color:#5186a2;\" >\n\t\t\t\n\t\t\t\r\n\r\n<div class=\"row align-middle\"  id=\"row-1554678799\">\r\n\r\n\n\t<div id=\"col-1116051347\" class=\"col medium-3 small-12 large-3\"  >\n\t\t\t\t<div class=\"col-inner\"  >\n\t\t\t\n\t\t\t\r\n\r\n\t<div class=\"img has-hover border-gorsel x md-x lg-x y md-y lg-y\" id=\"image_1919600583\">\n\t\t\t\t\t\t\t\t<div class=\"img-inner dark\" >\n\t\t\t<img decoding=\"async\" width=\"900\" height=\"1350\" src=\"https:\/\/tansuerakgun.com\/wp-content\/uploads\/2023\/06\/tansubey2-1-1.jpg\" class=\"attachment-2048x2048 size-2048x2048\" alt=\"tansu erakg\u00fcn izmir g\u00f6z doktoru\" srcset=\"https:\/\/tansuerakgun.com\/wp-content\/uploads\/2023\/06\/tansubey2-1-1.jpg 900w, https:\/\/tansuerakgun.com\/wp-content\/uploads\/2023\/06\/tansubey2-1-1-200x300.jpg 200w, https:\/\/tansuerakgun.com\/wp-content\/uploads\/2023\/06\/tansubey2-1-1-683x1024.jpg 683w, https:\/\/tansuerakgun.com\/wp-content\/uploads\/2023\/06\/tansubey2-1-1-768x1152.jpg 768w\" sizes=\"(max-width: 900px) 100vw, 900px\" title=\"\">\t\t\t\t\t\t\n\t\t\t\t\t<\/div>\n\t\t\t\t\t\t\t\t\n<style>\n#image_1919600583 {\n  width: 100%;\n}\n<\/style>\n\t<\/div>\n\t\r\n\r\n\t\t<\/div>\n\t\t\t\t\t<\/div>\n\n\t\r\n\n\t<div id=\"col-1478675557\" class=\"col medium-9 small-12 large-9\"  >\n\t\t\t\t<div class=\"col-inner dark\"  >\n\t\t\t\n\t\t\t\r\n\r\n\t<div id=\"text-4154800546\" class=\"text\">\n\t\t\r\n\r\n<span style=\"font-size: 150%;\"><strong>Prof. Dr. Tansu Erakg\u00fcn<\/strong><\/span>\r\n<span style=\"font-size: 75%;\">Retina Diseases and Vitreoretinal Surgery Specialist<\/span>\r\n\r\n\t\t\n<style>\n#text-4154800546 {\n  font-size: 1rem;\n}\n@media (min-width:550px) {\n  #text-4154800546 {\n    font-size: 1.5rem;\n  }\n}\n<\/style>\n\t<\/div>\n\t\r\n\r\n<p>Born on March 20, 1968, in \u0130zmir, Prof. Dr. Tansu Erakg\u00fcn completed his middle education at Saint Joseph College and his high school education at Kar\u015f\u0131yaka Gazi High School. After graduating from Ege University Faculty of Medicine in 1992, which he entered in 1986, he began his residency training in the Department of Ophthalmology at Ege University Faculty of Medicine Hospital in the same year. In 1997, he became a specialist...<\/p>\r\n\r\n<a href=\"\/en\/about-us\/\" class=\"button white is-small lowercase\" style=\"border-radius:10px;\">\n\t\t<span>About Me<\/span>\n\t<\/a>\n\r\n\r\n<a href=\"\/en\/videos\/\" class=\"button white is-small lowercase\" style=\"border-radius:10px;\">\n\t\t<span>Videos<\/span>\n\t<\/a>\n\r\n\r\n\t\t<\/div>\n\t\t\t\t\t<\/div>\n\n\t\r\n\r\n<\/div>\r\n\r\n\t\t<\/div>\n\t\t\t\t\n<style>\n#col-1626312978 > .col-inner {\n  padding: 30px 15px 1px 15px;\n  margin: 0px 0px -20px 0px;\n  border-radius: 20px;\n}\n@media (min-width:550px) {\n  #col-1626312978 > .col-inner {\n    padding: 30px 30px 1px 30px;\n  }\n}\n<\/style>\n\t<\/div>\n\n\t\r\n\r\n<\/div>\r\n\r\n\t\t<\/div>\n\n\t\t\n<style>\n#section_1886777351 {\n  padding-top: 30px;\n  padding-bottom: 30px;\n}\n<\/style>\n\t<\/section>\n\t\n\t\t<\/div>\n\t\t\t\t\t<\/div>\n\n\t\n<\/div>\n\t\t<\/div>\n\n\t\t\n<style>\n#section_1880032083 {\n  padding-top: 30px;\n  padding-bottom: 30px;\n}\n<\/style>\n\t<\/section>\n\t\n\n\t<section class=\"section\" id=\"section_1269338106\">\n\t\t<div class=\"section-bg fill\" >\n\t\t\t\t\t\t\t\t\t\n\t\t\t\n\n\t\t<\/div>\n\n\t\t\n\n\t\t<div class=\"section-content relative\">\n\t\t\t\n<div class=\"row\"  id=\"row-146048506\">\n\n\t<div id=\"col-1742938440\" class=\"col small-12 large-12\"  >\n\t\t\t\t<div class=\"col-inner\"  >\n\t\t\t\n\t\t\t\n<div id=\"ez-toc-container\" class=\"ez-toc-v2_0_82_2 counter-hierarchy ez-toc-counter ez-toc-custom ez-toc-container-direction\">\n<div class=\"ez-toc-title-container\">\n<p class=\"ez-toc-title\" style=\"cursor:inherit\">\u0130\u00e7indekiler<\/p>\n<span class=\"ez-toc-title-toggle\"><a href=\"#\" class=\"ez-toc-pull-right ez-toc-btn ez-toc-btn-xs ez-toc-btn-default ez-toc-toggle\" aria-label=\"Toggle Table of Content\"><span class=\"ez-toc-js-icon-con\"><span class=\"\"><span class=\"eztoc-hide\" style=\"display:none;\">Toggle<\/span><span class=\"ez-toc-icon-toggle-span\"><svg style=\"fill: #ffffff;color:#ffffff\" xmlns=\"http:\/\/www.w3.org\/2000\/svg\" class=\"list-377408\" width=\"20px\" height=\"20px\" viewBox=\"0 0 24 24\" fill=\"none\"><path d=\"M6 6H4v2h2V6zm14 0H8v2h12V6zM4 11h2v2H4v-2zm16 0H8v2h12v-2zM4 16h2v2H4v-2zm16 0H8v2h12v-2z\" fill=\"currentColor\"><\/path><\/svg><svg style=\"fill: #ffffff;color:#ffffff\" class=\"arrow-unsorted-368013\" xmlns=\"http:\/\/www.w3.org\/2000\/svg\" width=\"10px\" height=\"10px\" viewBox=\"0 0 24 24\" version=\"1.2\" baseProfile=\"tiny\"><path d=\"M18.2 9.3l-6.2-6.3-6.2 6.3c-.2.2-.3.4-.3.7s.1.5.3.7c.2.2.4.3.7.3h11c.3 0 .5-.1.7-.3.2-.2.3-.5.3-.7s-.1-.5-.3-.7zM5.8 14.7l6.2 6.3 6.2-6.3c.2-.2.3-.5.3-.7s-.1-.5-.3-.7c-.2-.2-.4-.3-.7-.3h-11c-.3 0-.5.1-.7.3-.2.2-.3.5-.3.7s.1.5.3.7z\"\/><\/svg><\/span><\/span><\/span><\/a><\/span><\/div>\n<nav><ul class='ez-toc-list ez-toc-list-level-1 ' ><li class='ez-toc-page-1 ez-toc-heading-level-2'><a class=\"ez-toc-link ez-toc-heading-1\" href=\"https:\/\/tansuerakgun.com\/en\/treatments\/retinal-detachment-surgery\/eye-floaters\/#What_should_be_done_about_floating_objects_in_the_eyes\" >What should be done about floating objects in the eyes?<\/a><\/li><li class='ez-toc-page-1 ez-toc-heading-level-2'><a class=\"ez-toc-link ez-toc-heading-2\" href=\"https:\/\/tansuerakgun.com\/en\/treatments\/retinal-detachment-surgery\/eye-floaters\/#Why_and_How_Do_Eye_Floaters_Occur\" >Why and How Do Eye Floaters Occur?<\/a><\/li><li class='ez-toc-page-1 ez-toc-heading-level-2'><a class=\"ez-toc-link ez-toc-heading-3\" href=\"https:\/\/tansuerakgun.com\/en\/treatments\/retinal-detachment-surgery\/eye-floaters\/#What_Should_Be_Done_for_Early_Diagnosis\" >What Should Be Done for Early Diagnosis?<\/a><\/li><li class='ez-toc-page-1 ez-toc-heading-level-2'><a class=\"ez-toc-link ez-toc-heading-4\" href=\"https:\/\/tansuerakgun.com\/en\/treatments\/retinal-detachment-surgery\/eye-floaters\/#Treatment_of_Eye_Floaters_Izmir\" >Treatment of Eye Floaters Izmir<\/a><\/li><li class='ez-toc-page-1 ez-toc-heading-level-2'><a class=\"ez-toc-link ez-toc-heading-5\" href=\"https:\/\/tansuerakgun.com\/en\/treatments\/retinal-detachment-surgery\/eye-floaters\/#Izmir_Floating_Objects_Treatment_Prices\" >Izmir Floating Objects Treatment Prices<\/a><\/li><li class='ez-toc-page-1 ez-toc-heading-level-2'><a class=\"ez-toc-link ez-toc-heading-6\" href=\"https:\/\/tansuerakgun.com\/en\/treatments\/retinal-detachment-surgery\/eye-floaters\/#FAQ\" >F.A.Q.<\/a><\/li><\/ul><\/nav><\/div>\n<h2><span class=\"ez-toc-section\" id=\"What_should_be_done_about_floating_objects_in_the_eyes\"><\/span>What should be done about floating objects in the eyes?<span class=\"ez-toc-section-end\"><\/span><\/h2>\n<p>The appearance of these objects is generally;<\/p>\n<ul>\n<li>They are spots and small colored dots.<\/li>\n<li>They may resemble a spider web.<\/li>\n<li>They can be in the form of thread and ribbon.<\/li>\n<\/ul>\n<h2><span class=\"ez-toc-section\" id=\"Why_and_How_Do_Eye_Floaters_Occur\"><\/span>Why and How Do Eye Floaters Occur?<span class=\"ez-toc-section-end\"><\/span><\/h2>\n<p>Most often, this is caused by changes with age. As the eyes age, the vitreous structure loses its structure, becomes liquid and withdraws from the pupil. Their shadow causes the threadlike parts seen.<\/p>\n<p>Floaters also occur when the vitreous separates from the surface portion of the retina. Meanwhile, stimulation of the retina usually causes sparkles in the eye.<\/p>\n<p>Inflammation and bleeding in the eye, blood vessel problems, and other injuries can often lead to these objects.<\/p>\n<p>Floating objects in the eye may also be protein spots and other substances left inside the eye while it was forming in the womb.<\/p>\n\n\t<section class=\"section\" id=\"section_650285067\">\n\t\t<div class=\"section-bg fill\" >\n\t\t\t\t\t\t\t\t\t\n\t\t\t\n\n\t\t<\/div>\n\n\t\t\n\n\t\t<div class=\"section-content relative\">\n\t\t\t\n\n<div class=\"row\"  id=\"row-422455988\">\n\n\n\t<div id=\"col-1881533342\" class=\"col small-12 large-12\"  >\n\t\t\t\t<div class=\"col-inner box-shadow-2\"  >\n\t\t\t\n\t\t\t\n\n<div class=\"row\"  id=\"row-530561800\">\n\n\n\t<div id=\"col-368491670\" class=\"col whatsapp-alani hide-for-small medium-3 small-12 large-3\"  >\n\t\t\t\t<div class=\"col-inner box-shadow-2\" style=\"background-color:rgb(37, 211, 102);\" >\n\t\t\t\n\t\t\t\n\n\t<div id=\"text-111588106\" class=\"text\">\n\t\t\n\n<a href=\"https:\/\/api.whatsapp.com\/send\/?phone=905422371206&amp;text=Hello%2C+I+am+reaching+you+from+Prof.+Dr.+Tansu+Erakg%C3%BCn%27s+address.&amp;type=phone_number&amp;app_absent=0\" target=\"_blank\" rel=\"noopener\"><span style=\"color: #ffffff;\">Click for 24\/7 WhatsApp <\/span><span style=\"color: #ffffff;\">here!<\/span><\/a>\n\t\t\n<style>\n#text-111588106 {\n  font-size: 1.5rem;\n  text-align: center;\n  color: rgb(255,255,255);\n}\n#text-111588106 > * {\n  color: rgb(255,255,255);\n}\n<\/style>\n\t<\/div>\n\t\n\n\t\t<\/div>\n\t\t\t\t\n<style>\n#col-368491670 > .col-inner {\n  padding: 30px 0px 12px 0px;\n  margin: 0px 0px -31px 0px;\n}\n<\/style>\n\t<\/div>\n\n\t\n\n\t<div id=\"col-653641459\" class=\"col show-for-small medium-3 small-12 large-3\"  >\n\t\t\t\t<div class=\"col-inner box-shadow-2\" style=\"background-color:rgb(37, 211, 102);\" >\n\t\t\t\n\t\t\t\n\n\t<div id=\"text-473551803\" class=\"text\">\n\t\t\n\n<a href=\"https:\/\/api.whatsapp.com\/send\/?phone=905422371206&amp;text=Hello%2C+I+am+reaching+you+from+Prof.+Dr.+Tansu+Erakg%C3%BCn%27s+address.&amp;type=phone_number&amp;app_absent=0\" target=\"_blank\" rel=\"noopener\"><span style=\"color: #ffffff;\">Click for 24\/7 WhatsApp <\/span><span style=\"color: #ffffff;\">here!<\/span><\/a>\n\t\t\n<style>\n#text-473551803 {\n  font-size: 1.25rem;\n  text-align: center;\n  color: rgb(255,255,255);\n}\n#text-473551803 > * {\n  color: rgb(255,255,255);\n}\n@media (min-width:550px) {\n  #text-473551803 {\n    font-size: 1.5rem;\n  }\n}\n<\/style>\n\t<\/div>\n\t\n\n\t\t<\/div>\n\t\t\t\t\n<style>\n#col-653641459 > .col-inner {\n  padding: 20px 0px 1px 0px;\n  margin: 0px 0px 0px 0px;\n  border-radius: 100px;\n}\n@media (min-width:550px) {\n  #col-653641459 > .col-inner {\n    margin: 0px 0px -40px 0px;\n  }\n}\n<\/style>\n\t<\/div>\n\n\t\n\n\t<div id=\"col-312903060\" class=\"col medium-9 small-12 large-9\"  >\n\t\t\t\t<div class=\"col-inner text-left\"  >\n\t\t\t\n\t<div class=\"is-border\"\n\t\tstyle=\"border-width:0px 0px 0px 0px;margin:0px 0px 0px 0px;\">\n\t<\/div>\n\t\t\t\n\n<div class=\"row\"  id=\"row-1022468938\">\n\n\n\t<div id=\"col-1309213940\" class=\"col small-12 large-12\"  >\n\t\t\t\t<div class=\"col-inner\"  >\n\t\t\t\n\t\t\t\n\n\n<div class=\"wpcf7 no-js\" id=\"wpcf7-f4303-o1\" lang=\"en-US\" dir=\"ltr\" data-wpcf7-id=\"4303\">\n<div class=\"screen-reader-response\"><p role=\"status\" aria-live=\"polite\" aria-atomic=\"true\"><\/p> <ul><\/ul><\/div>\n<form action=\"\/en\/wp-json\/wp\/v2\/pages\/3723#wpcf7-f4303-o1\" method=\"post\" class=\"wpcf7-form init\" aria-label=\"Contact form\" novalidate=\"novalidate\" data-status=\"init\">\n<fieldset class=\"hidden-fields-container\"><input type=\"hidden\" name=\"_wpcf7\" value=\"4303\" \/><input type=\"hidden\" name=\"_wpcf7_version\" value=\"6.1.5\" \/><input type=\"hidden\" name=\"_wpcf7_locale\" value=\"en_US\" \/><input type=\"hidden\" name=\"_wpcf7_unit_tag\" value=\"wpcf7-f4303-o1\" \/><input type=\"hidden\" name=\"_wpcf7_container_post\" value=\"0\" \/><input type=\"hidden\" name=\"_wpcf7_posted_data_hash\" value=\"\" \/>\n<\/fieldset>\n<div class=\"sp-form\">\n\t<div class=\"col-row\">\n\t\t<div class=\"col-quarter\">\n\t\t\t<p><span class=\"wpcf7-form-control-wrap\" data-name=\"text-340\"><input size=\"40\" maxlength=\"400\" class=\"wpcf7-form-control wpcf7-text wpcf7-validates-as-required\" autocomplete=\"name\" aria-required=\"true\" aria-invalid=\"false\" placeholder=\"Name\" value=\"\" type=\"text\" name=\"text-340\" \/><\/span>\n\t\t\t<\/p>\n\t\t<\/div>\n\t\t<div class=\"col-quarter\">\n\t\t\t<p><span class=\"wpcf7-form-control-wrap\" data-name=\"tel-10\"><input size=\"40\" maxlength=\"400\" class=\"wpcf7-form-control wpcf7-tel wpcf7-validates-as-required wpcf7-text wpcf7-validates-as-tel\" autocomplete=\"name\" aria-required=\"true\" aria-invalid=\"false\" placeholder=\"Phone\" value=\"\" type=\"tel\" name=\"tel-10\" \/><\/span>\n\t\t\t<\/p>\n\t\t<\/div>\n\t\t<div class=\"col-quarter\">\n\t\t\t<p><span class=\"wpcf7-form-control-wrap\" data-name=\"email-563\"><input size=\"40\" maxlength=\"400\" class=\"wpcf7-form-control wpcf7-email wpcf7-validates-as-required wpcf7-text wpcf7-validates-as-email\" autocomplete=\"name\" aria-required=\"true\" aria-invalid=\"false\" placeholder=\"Email\" value=\"\" type=\"email\" name=\"email-563\" \/><\/span>\n\t\t\t<\/p>\n\t\t<\/div>\n\t\t<div class=\"col-quarter\">\n\t\t\t<p><input class=\"wpcf7-form-control wpcf7-submit has-spinner\" type=\"submit\" value=\"SEND\" \/>\n\t\t\t<\/p>\n\t\t<\/div>\n\t<\/div>\n<\/div><p style=\"display: none !important;\" class=\"akismet-fields-container\" data-prefix=\"_wpcf7_ak_\"><label>&#916;<textarea name=\"_wpcf7_ak_hp_textarea\" cols=\"45\" rows=\"8\" maxlength=\"100\"><\/textarea><\/label><input type=\"hidden\" id=\"ak_js_1\" name=\"_wpcf7_ak_js\" value=\"66\"\/><script>document.getElementById( \"ak_js_1\" ).setAttribute( \"value\", ( new Date() ).getTime() );<\/script><\/p><div class=\"wpcf7-response-output\" aria-hidden=\"true\"><\/div>\n<\/form>\n<\/div>\n\n\n\n\t\t<\/div>\n\t\t\t\t\n<style>\n#col-1309213940 > .col-inner {\n  margin: 0px 0px -60px 0px;\n}\n<\/style>\n\t<\/div>\n\n\t\n\n\t<div id=\"col-2028138355\" class=\"col small-12 large-12\"  >\n\t\t\t\t<div class=\"col-inner\"  >\n\t\t\t\n\t\t\t\n\n\t<div id=\"text-2457207096\" class=\"text\">\n\t\t\n\n*We recommend that you fill in all fields to allow us to respond in the best possible way.\n\t\t\n<style>\n#text-2457207096 {\n  font-size: 0.85rem;\n  line-height: 1.5;\n}\n@media (min-width:550px) {\n  #text-2457207096 {\n    line-height: 0.75;\n  }\n}\n<\/style>\n\t<\/div>\n\t\n\n\t\t<\/div>\n\t\t\t\t\n<style>\n#col-2028138355 > .col-inner {\n  margin: 0px 0px -40px 0px;\n}\n<\/style>\n\t<\/div>\n\n\t\n\n<\/div>\n\n\t\t<\/div>\n\t\t\t\t\n<style>\n#col-312903060 > .col-inner {\n  padding: 0px 0px 0px 0px;\n  margin: 0px 0px -20px 0px;\n}\n@media (min-width:550px) {\n  #col-312903060 > .col-inner {\n    padding: 20px 0px 0px 0px;\n    margin: 0px 0px -66px 0px;\n  }\n}\n<\/style>\n\t<\/div>\n\n\t\n\n<\/div>\n\n\t\t<\/div>\n\t\t\t\t\n<style>\n#col-1881533342 > .col-inner {\n  padding: 30px 10px 0px 10px;\n  border-radius: 30px;\n}\n@media (min-width:550px) {\n  #col-1881533342 > .col-inner {\n    padding: 0px 20px 0px 0px;\n  }\n}\n<\/style>\n\t<\/div>\n\n\t\n\n<\/div>\n\n\t\t<\/div>\n\n\t\t\n<style>\n#section_650285067 {\n  padding-top: 30px;\n  padding-bottom: 30px;\n}\n<\/style>\n\t<\/section>\n\t\n\t\t<\/div>\n\t\t\t\t\t<\/div>\n\n\t\n<\/div>\n\t\t<\/div>\n\n\t\t\n<style>\n#section_1269338106 {\n  padding-top: 30px;\n  padding-bottom: 30px;\n}\n<\/style>\n\t<\/section>\n\t\n\n\t<section class=\"section\" id=\"section_2080053699\">\n\t\t<div class=\"section-bg fill\" >\n\t\t\t\t\t\t\t\t\t\n\t\t\t\n\n\t\t<\/div>\n\n\t\t\n\n\t\t<div class=\"section-content relative\">\n\t\t\t\n<div class=\"row\"  id=\"row-691995529\">\n\n\t<div id=\"col-697025864\" class=\"col small-12 large-12\"  >\n\t\t\t\t<div class=\"col-inner\"  >\n\t\t\t\n\t\t\t\n<h2><span class=\"ez-toc-section\" id=\"What_Should_Be_Done_for_Early_Diagnosis\"><\/span>What Should Be Done for Early Diagnosis?<span class=\"ez-toc-section-end\"><\/span><\/h2>\n<p>When eye floaters and sparkles begin, your ophthalmologist should be contacted immediately. It is a situation that requires rapid intervention. It may be a sign of retinal detachment, which can cause blindness.<\/p>\n<h2><span class=\"ez-toc-section\" id=\"Treatment_of_Eye_Floaters_Izmir\"><\/span>Treatment of Eye Floaters Izmir<span class=\"ez-toc-section-end\"><\/span><\/h2>\n<p>When eye floaters are large and numerous enough to interfere with vision, your ophthalmologist may recommend surgery or laser therapy.<\/p>\n<table>\n<tbody>\n<tr>\n<td><strong>Processing Time<\/strong><\/td>\n<td>30 minutes<\/td>\n<\/tr>\n<tr>\n<td><strong>Risks<\/strong><\/td>\n<td>Infection, bleeding, retinal tear<\/td>\n<\/tr>\n<tr>\n<td><strong>Side Effects<\/strong><\/td>\n<td>Cataract development<\/td>\n<\/tr>\n<tr>\n<td><b>Who Could It Be?<\/b><\/td>\n<td>Those whose quality of life is impaired due to flying<\/td>\n<\/tr>\n<tr>\n<td><strong>Return to Work Time<\/strong><\/td>\n<td>15 days<\/td>\n<\/tr>\n<\/tbody>\n<\/table>\n<h2><span class=\"ez-toc-section\" id=\"Izmir_Floating_Objects_Treatment_Prices\"><\/span>Izmir Floating Objects Treatment Prices<span class=\"ez-toc-section-end\"><\/span><\/h2>\n<p>You can contact your doctor to get information about Izmir eye floaters treatment prices.<\/p>\n\n\t<section class=\"section dark\" id=\"section_216124331\">\n\t\t<div class=\"section-bg fill\" >\n\t\t\t\t\t\t\t\t\t\n\t\t\t\n\n\t\t<\/div>\n\n\t\t\n\n\t\t<div class=\"section-content relative\">\n\t\t\t\r\n\r\n\t<div id=\"gap-1739685278\" class=\"gap-element clearfix hide-for-medium\" style=\"display:block; height:auto;\">\n\t\t\n<style>\n#gap-1739685278 {\n  padding-top: 10px;\n}\n<\/style>\n\t<\/div>\n\t\r\n\r\n<div class=\"row align-middle\"  id=\"row-772167005\">\r\n\r\n\n\t<div id=\"col-290131006\" class=\"col medium-12 small-12 large-7\"  >\n\t\t\t\t<div class=\"col-inner\"  >\n\t\t\t\n\t\t\t\r\n\r\n\t<div id=\"text-1626503749\" class=\"text\">\n\t\t\r\n\r\n<div><strong>Contact us for detailed information and appointments!<\/strong><\/div>\r\n\t\t\n<style>\n#text-1626503749 {\n  font-size: 1.25rem;\n  text-align: center;\n}\n@media (min-width:850px) {\n  #text-1626503749 {\n    font-size: 1.6rem;\n    text-align: left;\n  }\n}\n<\/style>\n\t<\/div>\n\t\r\n\r\n\t\t<\/div>\n\t\t\t\t\n<style>\n#col-290131006 > .col-inner {\n  padding: 20px 0px 0px 0px;\n  margin: 0px 0px -10px 0px;\n}\n@media (min-width:550px) {\n  #col-290131006 > .col-inner {\n    padding: 0px 0px 0px 0px;\n  }\n}\n<\/style>\n\t<\/div>\n\n\t\r\n\n\t<div id=\"col-159548581\" class=\"col medium-5 small-12 large-5\"  >\n\t\t\t\t<div class=\"col-inner text-center\"  >\n\t\t\t\n\t\t\t\r\n\r\n<a href=\"https:\/\/api.whatsapp.com\/send\/?phone=905422371206&#038;text=Hello%2C+I+am+reaching+you+from+Prof.+Dr.+Tansu+Erakg%C3%BCn%27s+address.&#038;type=phone_number&#038;app_absent=0\" class=\"button success is-shade is-small box-shadow-5\" style=\"border-radius:10px;padding:5px 20px 5px 20px;\" target=\"_blank\" rel=\"noopener\">\n\t\t<span>Contact via WhatsApp<\/span>\n\t<i class=\"icon-whatsapp\" aria-hidden=\"true\"><\/i><\/a>\n\r\n\r\n\t\t<\/div>\n\t\t\t\t\n<style>\n#col-159548581 > .col-inner {\n  padding: 20px 0px 0px 0px;\n}\n<\/style>\n\t<\/div>\n\n\t\r\n\r\n<\/div>\r\n\r\n\t\t<\/div>\n\n\t\t\n<style>\n#section_216124331 {\n  padding-top: 0px;\n  padding-bottom: 0px;\n  background-color: rgb(81, 134, 162);\n}\n<\/style>\n\t<\/section>\n\t\r\n\t<div id=\"gap-480742563\" class=\"gap-element clearfix\" style=\"display:block; height:auto;\">\n\t\t\n<style>\n#gap-480742563 {\n  padding-top: 20px;\n}\n<\/style>\n\t<\/div>\n\t\r\n\n<h2><span class=\"ez-toc-section\" id=\"FAQ\"><\/span>F.A.Q.<span class=\"ez-toc-section-end\"><\/span><\/h2>\n<p><strong>How are eye floaters treated?<\/strong><\/p>\n<p>Treatment of eye floaters may be necessary, especially if it causes vision loss. Surgical methods are generally used in the treatment of eye floaters. Surgical methods include removing the vitreous humor from the eye and replacing it with a new one. Another method used in the treatment of eye floaters is &#8220;The method is laser treatment.<\/p>\n<p><strong>Are eye floaters important?<\/strong><\/p>\n<p>Eye floaters are objects that move within the eye and cause distortion of images, and they may be important depending on the situation. Eye floaters are generally associated with the movement of the fluid called vitreous humor, which is found within the eye. Vitreous humor is a fluid within the eye and &#8220;It is a structure that protects the shape of the eye. Deterioration of the vitreous humor over time may cause the formation of floaters in the eye.<\/p>\n<p><strong>Do eye floaters go away over time?<\/strong><\/p>\n<p>Whether eye floaters will go away over time may differ for each person, and therefore it is important to consult a doctor. Whether or not eye floaters will go away, and the treatment methods to be applied for this may be necessary, especially if it causes vision loss. In the treatment of eye floaters, &#8220;Surgical methods are generally used. After the treatment, the problem is usually completely resolved.<\/p>\n<p><strong>References:<\/strong><\/p>\n<p><a href=\"https:\/\/www.mayoclinic.org\/diseases-conditions\/eye-floaters\/symptoms-causes\/syc-20372346\" target=\"_blank\" rel=\"noopener\">https:\/\/www.mayoclinic.org\/diseases-conditions\/eye-floaters\/symptoms-causes\/syc-20372346<\/a><\/p>\n<p>Sendrowski, D. P., &amp; Bronstein, M. A. (2010). <a href=\"https:\/\/www.sciencedirect.com\/science\/article\/abs\/pii\/S1529183909005247\" target=\"_blank\" rel=\"noopener\">Current treatment for vitreous floaters<\/a>. Optometry-Journal of the American Optometric Association, 81(3), 157-161.<\/p>\n\t\t<\/div>\n\t\t\t\t\t<\/div>\n\n\t\n<\/div>\n\t\t<\/div>\n\n\t\t\n<style>\n#section_2080053699 {\n  padding-top: 30px;\n  padding-bottom: 30px;\n}\n<\/style>\n\t<\/section>\n\t\n","protected":false},"excerpt":{"rendered":"","protected":false},"author":2,"featured_media":3078,"parent":3717,"menu_order":0,"comment_status":"closed","ping_status":"closed","template":"page-blank.php","meta":{"footnotes":""},"class_list":["post-3723","page","type-page","status-publish","has-post-thumbnail","hentry"],"_links":{"self":[{"href":"https:\/\/tansuerakgun.com\/en\/wp-json\/wp\/v2\/pages\/3723","targetHints":{"allow":["GET"]}}],"collection":[{"href":"https:\/\/tansuerakgun.com\/en\/wp-json\/wp\/v2\/pages"}],"about":[{"href":"https:\/\/tansuerakgun.com\/en\/wp-json\/wp\/v2\/types\/page"}],"author":[{"embeddable":true,"href":"https:\/\/tansuerakgun.com\/en\/wp-json\/wp\/v2\/users\/2"}],"replies":[{"embeddable":true,"href":"https:\/\/tansuerakgun.com\/en\/wp-json\/wp\/v2\/comments?post=3723"}],"version-history":[{"count":4,"href":"https:\/\/tansuerakgun.com\/en\/wp-json\/wp\/v2\/pages\/3723\/revisions"}],"predecessor-version":[{"id":4398,"href":"https:\/\/tansuerakgun.com\/en\/wp-json\/wp\/v2\/pages\/3723\/revisions\/4398"}],"up":[{"embeddable":true,"href":"https:\/\/tansuerakgun.com\/en\/wp-json\/wp\/v2\/pages\/3717"}],"wp:featuredmedia":[{"embeddable":true,"href":"https:\/\/tansuerakgun.com\/en\/wp-json\/wp\/v2\/media\/3078"}],"wp:attachment":[{"href":"https:\/\/tansuerakgun.com\/en\/wp-json\/wp\/v2\/media?parent=3723"}],"curies":[{"name":"wp","href":"https:\/\/api.w.org\/{rel}","templated":true}]}}