{"id":3738,"date":"2017-08-08T15:23:55","date_gmt":"2017-08-08T12:23:55","guid":{"rendered":"https:\/\/tansuerakgun.com\/?page_id=3738"},"modified":"2024-12-31T14:10:11","modified_gmt":"2024-12-31T11:10:11","slug":"retinopathy-of-prematurity","status":"publish","type":"page","link":"https:\/\/tansuerakgun.com\/en\/treatments\/retinopathy-of-prematurity\/","title":{"rendered":"Retinopathy of Prematurity in Izmir, Turkey"},"content":{"rendered":"\n\t<section class=\"section\" id=\"section_756651506\">\n\t\t<div class=\"section-bg fill\" >\n\t\t\t\t\t\t\t\t\t\n\t\t\t\n\n\t\t<\/div>\n\n\t\t\n\n\t\t<div class=\"section-content relative\">\n\t\t\t\n  <div id=\"page-header-399105097\" class=\"page-header-wrapper\">\n  <div class=\"page-title dark simple-title\">\n\n    \n    <div class=\"page-title-inner container align-top flex-row medium-flex-wrap\" >\n              <div class=\"title-wrapper flex-col text-left medium-text-center\">\n          <h1 class=\"entry-title mb-0\">\n            Retinopathy of Prematurity in Izmir, Turkey          <\/h1>\n        <\/div>\n                    <div class=\"title-content flex-col flex-right text-right medium-text-center\">\n        <div class=\"title-breadcrumbs pb-half pt-half\"><\/div>      <\/div>\n    <\/div>\n\n       <\/div>\n    <\/div>\n  \n\t\t<\/div>\n\n\t\t\n<style>\n#section_756651506 {\n  padding-top: 30px;\n  padding-bottom: 30px;\n  background-color: #5186a2;\n}\n<\/style>\n\t<\/section>\n\t\n\n\t<section class=\"section\" id=\"section_584217940\">\n\t\t<div class=\"section-bg fill\" >\n\t\t\t\t\t\t\t\t\t\n\t\t\t\n\n\t\t<\/div>\n\n\t\t\n\n\t\t<div class=\"section-content relative\">\n\t\t\t\n<div class=\"row\"  id=\"row-127854895\">\n\n\t<div id=\"col-116451231\" class=\"col small-12 large-12\"  >\n\t\t\t\t<div class=\"col-inner\"  >\n\t\t\t\n\t\t\t\n<p>Nowadays, with the developing technology, thanks to neonatal care units, babies with smaller birth weights and premature babies can be kept alive. However, the development of the eye, especially in the postnatal period, differs from other tissues and organs. The last 12 weeks of pregnancy are an important period in which the development of the retina and vessels of the eye accelerates. In premature babies, the retina and vessels remain shorter than the area they should reach and cannot develop. When the baby is born, abnormal new vascular formations emerge from these underdeveloped vessels. These new vascular formations are prone to bleeding and complications called retinal detachment.<\/p>\n<p>In neonatal retinopathy, diseased vessels cause bleeding into the eye, retinal tears, and retinal shrinkage. The risk of developing premature retinopathy is especially high in premature babies who are younger than 32 weeks, have a birth weight below 1500 grams, have received intensive oxygen therapy in an incubator environment, have had respiratory problems, have had intracranial bleeding, have had an infection, or have anemia. Babies who meet one or more of the above criteria must undergo a detailed retinal examination. This retinal examination must be performed between the 4th week and the 6th week at the latest after birth. In neonatal retinopathy, a detailed retinal examination should be performed by indirect ophthalmoscopy method.<\/p>\n<p>During these examinations, if your doctor sees a progression in the disease, he may recommend treatment. Treatment of premature retinopathy is done with laser. The aim is to prevent the development of complications such as bleeding and detachment mentioned above due to new vascular formation. In cases where laser treatment is ineffective or treatment is delayed, vitrectomy surgery may be required for eye bleeding and retinal detachment. In order to avoid the need for surgery in premature retinopathy, premature babies must undergo a timely retinal examination and necessary follow-ups.<\/p>\n<p>The need to wear glasses at an early age is higher in children with a history of retinopathy of prematurity than their peers. That&#8217;s why eyeglasses should be checked starting from the age of 2-3. Adults with a history of retinopathy of prematurity also have a higher than normal risk of developing retinal detachment. That&#8217;s why annual checks are necessary.<\/p>\n\n\t<section class=\"section\" id=\"section_982163664\">\n\t\t<div class=\"section-bg fill\" >\n\t\t\t\t\t\t\t\t\t\n\t\t\t\n\n\t\t<\/div>\n\n\t\t\n\n\t\t<div class=\"section-content relative\">\n\t\t\t\r\n\r\n<div class=\"row\"  id=\"row-1304295911\">\r\n\r\n\n\t<div id=\"col-2117192722\" class=\"col small-12 large-12\"  >\n\t\t\t\t<div class=\"col-inner\" style=\"background-color:#5186a2;\" >\n\t\t\t\n\t\t\t\r\n\r\n<div class=\"row align-middle\"  id=\"row-1805132991\">\r\n\r\n\n\t<div id=\"col-948279888\" class=\"col medium-3 small-12 large-3\"  >\n\t\t\t\t<div class=\"col-inner\"  >\n\t\t\t\n\t\t\t\r\n\r\n\t<div class=\"img has-hover border-gorsel x md-x lg-x y md-y lg-y\" id=\"image_875496095\">\n\t\t\t\t\t\t\t\t<div class=\"img-inner dark\" >\n\t\t\t<img decoding=\"async\" width=\"900\" height=\"1350\" src=\"https:\/\/tansuerakgun.com\/wp-content\/uploads\/2023\/06\/tansubey2-1-1.jpg\" class=\"attachment-2048x2048 size-2048x2048\" alt=\"tansu erakg\u00fcn izmir g\u00f6z doktoru\" srcset=\"https:\/\/tansuerakgun.com\/wp-content\/uploads\/2023\/06\/tansubey2-1-1.jpg 900w, https:\/\/tansuerakgun.com\/wp-content\/uploads\/2023\/06\/tansubey2-1-1-200x300.jpg 200w, https:\/\/tansuerakgun.com\/wp-content\/uploads\/2023\/06\/tansubey2-1-1-683x1024.jpg 683w, https:\/\/tansuerakgun.com\/wp-content\/uploads\/2023\/06\/tansubey2-1-1-768x1152.jpg 768w\" sizes=\"(max-width: 900px) 100vw, 900px\" title=\"\">\t\t\t\t\t\t\n\t\t\t\t\t<\/div>\n\t\t\t\t\t\t\t\t\n<style>\n#image_875496095 {\n  width: 100%;\n}\n<\/style>\n\t<\/div>\n\t\r\n\r\n\t\t<\/div>\n\t\t\t\t\t<\/div>\n\n\t\r\n\n\t<div id=\"col-1281369608\" class=\"col medium-9 small-12 large-9\"  >\n\t\t\t\t<div class=\"col-inner dark\"  >\n\t\t\t\n\t\t\t\r\n\r\n\t<div id=\"text-3760373263\" class=\"text\">\n\t\t\r\n\r\n<span style=\"font-size: 150%;\"><strong>Prof. Dr. Tansu Erakg\u00fcn<\/strong><\/span>\r\n<span style=\"font-size: 75%;\">Retina Diseases and Vitreoretinal Surgery Specialist<\/span>\r\n\r\n\t\t\n<style>\n#text-3760373263 {\n  font-size: 1rem;\n}\n@media (min-width:550px) {\n  #text-3760373263 {\n    font-size: 1.5rem;\n  }\n}\n<\/style>\n\t<\/div>\n\t\r\n\r\n<p>Born on March 20, 1968, in \u0130zmir, Prof. Dr. Tansu Erakg\u00fcn completed his middle education at Saint Joseph College and his high school education at Kar\u015f\u0131yaka Gazi High School. After graduating from Ege University Faculty of Medicine in 1992, which he entered in 1986, he began his residency training in the Department of Ophthalmology at Ege University Faculty of Medicine Hospital in the same year. In 1997, he became a specialist...<\/p>\r\n\r\n<a href=\"\/en\/about-us\/\" class=\"button white is-small lowercase\" style=\"border-radius:10px;\">\n\t\t<span>About Me<\/span>\n\t<\/a>\n\r\n\r\n<a href=\"\/en\/videos\/\" class=\"button white is-small lowercase\" style=\"border-radius:10px;\">\n\t\t<span>Videos<\/span>\n\t<\/a>\n\r\n\r\n\t\t<\/div>\n\t\t\t\t\t<\/div>\n\n\t\r\n\r\n<\/div>\r\n\r\n\t\t<\/div>\n\t\t\t\t\n<style>\n#col-2117192722 > .col-inner {\n  padding: 30px 15px 1px 15px;\n  margin: 0px 0px -20px 0px;\n  border-radius: 20px;\n}\n@media (min-width:550px) {\n  #col-2117192722 > .col-inner {\n    padding: 30px 30px 1px 30px;\n  }\n}\n<\/style>\n\t<\/div>\n\n\t\r\n\r\n<\/div>\r\n\r\n\t\t<\/div>\n\n\t\t\n<style>\n#section_982163664 {\n  padding-top: 30px;\n  padding-bottom: 30px;\n}\n<\/style>\n\t<\/section>\n\t\n\t\t<\/div>\n\t\t\t\t\t<\/div>\n\n\t\n<\/div>\n\t\t<\/div>\n\n\t\t\n<style>\n#section_584217940 {\n  padding-top: 30px;\n  padding-bottom: 30px;\n}\n<\/style>\n\t<\/section>\n\t\n\n\t<section class=\"section\" id=\"section_1943039822\">\n\t\t<div class=\"section-bg fill\" >\n\t\t\t\t\t\t\t\t\t\n\t\t\t\n\n\t\t<\/div>\n\n\t\t\n\n\t\t<div class=\"section-content relative\">\n\t\t\t\n<div class=\"row\"  id=\"row-1245716108\">\n\n\t<div id=\"col-1695251585\" class=\"col small-12 large-12\"  >\n\t\t\t\t<div class=\"col-inner\"  >\n\t\t\t\n\t\t\t\n<div id=\"ez-toc-container\" class=\"ez-toc-v2_0_82_2 counter-hierarchy ez-toc-counter ez-toc-custom ez-toc-container-direction\">\n<div class=\"ez-toc-title-container\">\n<p class=\"ez-toc-title\" style=\"cursor:inherit\">\u0130\u00e7indekiler<\/p>\n<span class=\"ez-toc-title-toggle\"><a href=\"#\" class=\"ez-toc-pull-right ez-toc-btn ez-toc-btn-xs ez-toc-btn-default ez-toc-toggle\" aria-label=\"Toggle Table of Content\"><span class=\"ez-toc-js-icon-con\"><span class=\"\"><span class=\"eztoc-hide\" style=\"display:none;\">Toggle<\/span><span class=\"ez-toc-icon-toggle-span\"><svg style=\"fill: #ffffff;color:#ffffff\" xmlns=\"http:\/\/www.w3.org\/2000\/svg\" class=\"list-377408\" width=\"20px\" height=\"20px\" viewBox=\"0 0 24 24\" fill=\"none\"><path d=\"M6 6H4v2h2V6zm14 0H8v2h12V6zM4 11h2v2H4v-2zm16 0H8v2h12v-2zM4 16h2v2H4v-2zm16 0H8v2h12v-2z\" fill=\"currentColor\"><\/path><\/svg><svg style=\"fill: #ffffff;color:#ffffff\" class=\"arrow-unsorted-368013\" xmlns=\"http:\/\/www.w3.org\/2000\/svg\" width=\"10px\" height=\"10px\" viewBox=\"0 0 24 24\" version=\"1.2\" baseProfile=\"tiny\"><path d=\"M18.2 9.3l-6.2-6.3-6.2 6.3c-.2.2-.3.4-.3.7s.1.5.3.7c.2.2.4.3.7.3h11c.3 0 .5-.1.7-.3.2-.2.3-.5.3-.7s-.1-.5-.3-.7zM5.8 14.7l6.2 6.3 6.2-6.3c.2-.2.3-.5.3-.7s-.1-.5-.3-.7c-.2-.2-.4-.3-.7-.3h-11c-.3 0-.5.1-.7.3-.2.2-.3.5-.3.7s.1.5.3.7z\"\/><\/svg><\/span><\/span><\/span><\/a><\/span><\/div>\n<nav><ul class='ez-toc-list ez-toc-list-level-1 ' ><li class='ez-toc-page-1 ez-toc-heading-level-2'><a class=\"ez-toc-link ez-toc-heading-1\" href=\"https:\/\/tansuerakgun.com\/en\/treatments\/retinopathy-of-prematurity\/#How_is_premature_retinopathy_treated\" >How is premature retinopathy treated?<\/a><\/li><li class='ez-toc-page-1 ez-toc-heading-level-2'><a class=\"ez-toc-link ez-toc-heading-2\" href=\"https:\/\/tansuerakgun.com\/en\/treatments\/retinopathy-of-prematurity\/#FAQ\" >F.A.Q.<\/a><\/li><\/ul><\/nav><\/div>\n<h2><span class=\"ez-toc-section\" id=\"How_is_premature_retinopathy_treated\"><\/span>How is premature retinopathy treated?<span class=\"ez-toc-section-end\"><\/span><\/h2>\n<p>There are various points on how to treat premature retinopathy, which is an important treatment. Retinopathy of prematurity is an eye disease seen in babies born prematurely and can lead to serious vision loss if left untreated. Hospitals in Izmir have the necessary equipment and expertise for the treatment of premature retinopathy. Neonatal Retinopathy Treatment is generally applied by three methods in big cities like Izmir; laser treatment, needle treatment and surgical treatment. Laser therapy and needle therapy are used to dry abnormal vessels in the eye. Surgical treatment is an operation to eliminate abnormal vessels and tissues.<\/p>\n\n\t<section class=\"section\" id=\"section_277285638\">\n\t\t<div class=\"section-bg fill\" >\n\t\t\t\t\t\t\t\t\t\n\t\t\t\n\n\t\t<\/div>\n\n\t\t\n\n\t\t<div class=\"section-content relative\">\n\t\t\t\n\n<div class=\"row\"  id=\"row-1636287650\">\n\n\n\t<div id=\"col-1671156863\" class=\"col small-12 large-12\"  >\n\t\t\t\t<div class=\"col-inner box-shadow-2\"  >\n\t\t\t\n\t\t\t\n\n<div class=\"row\"  id=\"row-700989845\">\n\n\n\t<div id=\"col-930459591\" class=\"col whatsapp-alani hide-for-small medium-3 small-12 large-3\"  >\n\t\t\t\t<div class=\"col-inner box-shadow-2\" style=\"background-color:rgb(37, 211, 102);\" >\n\t\t\t\n\t\t\t\n\n\t<div id=\"text-1565122073\" class=\"text\">\n\t\t\n\n<a href=\"https:\/\/api.whatsapp.com\/send\/?phone=905422371206&amp;text=Hello%2C+I+am+reaching+you+from+Prof.+Dr.+Tansu+Erakg%C3%BCn%27s+address.&amp;type=phone_number&amp;app_absent=0\" target=\"_blank\" rel=\"noopener\"><span style=\"color: #ffffff;\">Click for 24\/7 WhatsApp <\/span><span style=\"color: #ffffff;\">here!<\/span><\/a>\n\t\t\n<style>\n#text-1565122073 {\n  font-size: 1.5rem;\n  text-align: center;\n  color: rgb(255,255,255);\n}\n#text-1565122073 > * {\n  color: rgb(255,255,255);\n}\n<\/style>\n\t<\/div>\n\t\n\n\t\t<\/div>\n\t\t\t\t\n<style>\n#col-930459591 > .col-inner {\n  padding: 30px 0px 12px 0px;\n  margin: 0px 0px -31px 0px;\n}\n<\/style>\n\t<\/div>\n\n\t\n\n\t<div id=\"col-68811020\" class=\"col show-for-small medium-3 small-12 large-3\"  >\n\t\t\t\t<div class=\"col-inner box-shadow-2\" style=\"background-color:rgb(37, 211, 102);\" >\n\t\t\t\n\t\t\t\n\n\t<div id=\"text-3822818719\" class=\"text\">\n\t\t\n\n<a href=\"https:\/\/api.whatsapp.com\/send\/?phone=905422371206&amp;text=Hello%2C+I+am+reaching+you+from+Prof.+Dr.+Tansu+Erakg%C3%BCn%27s+address.&amp;type=phone_number&amp;app_absent=0\" target=\"_blank\" rel=\"noopener\"><span style=\"color: #ffffff;\">Click for 24\/7 WhatsApp <\/span><span style=\"color: #ffffff;\">here!<\/span><\/a>\n\t\t\n<style>\n#text-3822818719 {\n  font-size: 1.25rem;\n  text-align: center;\n  color: rgb(255,255,255);\n}\n#text-3822818719 > * {\n  color: rgb(255,255,255);\n}\n@media (min-width:550px) {\n  #text-3822818719 {\n    font-size: 1.5rem;\n  }\n}\n<\/style>\n\t<\/div>\n\t\n\n\t\t<\/div>\n\t\t\t\t\n<style>\n#col-68811020 > .col-inner {\n  padding: 20px 0px 1px 0px;\n  margin: 0px 0px 0px 0px;\n  border-radius: 100px;\n}\n@media (min-width:550px) {\n  #col-68811020 > .col-inner {\n    margin: 0px 0px -40px 0px;\n  }\n}\n<\/style>\n\t<\/div>\n\n\t\n\n\t<div id=\"col-134317347\" class=\"col medium-9 small-12 large-9\"  >\n\t\t\t\t<div class=\"col-inner text-left\"  >\n\t\t\t\n\t<div class=\"is-border\"\n\t\tstyle=\"border-width:0px 0px 0px 0px;margin:0px 0px 0px 0px;\">\n\t<\/div>\n\t\t\t\n\n<div class=\"row\"  id=\"row-1928861179\">\n\n\n\t<div id=\"col-1963823789\" class=\"col small-12 large-12\"  >\n\t\t\t\t<div class=\"col-inner\"  >\n\t\t\t\n\t\t\t\n\n\n<div class=\"wpcf7 no-js\" id=\"wpcf7-f4303-o1\" lang=\"en-US\" dir=\"ltr\" data-wpcf7-id=\"4303\">\n<div class=\"screen-reader-response\"><p role=\"status\" aria-live=\"polite\" aria-atomic=\"true\"><\/p> <ul><\/ul><\/div>\n<form action=\"\/en\/wp-json\/wp\/v2\/pages\/3738#wpcf7-f4303-o1\" method=\"post\" class=\"wpcf7-form init\" aria-label=\"Contact form\" novalidate=\"novalidate\" data-status=\"init\">\n<fieldset class=\"hidden-fields-container\"><input type=\"hidden\" name=\"_wpcf7\" value=\"4303\" \/><input type=\"hidden\" name=\"_wpcf7_version\" value=\"6.1.5\" \/><input type=\"hidden\" name=\"_wpcf7_locale\" value=\"en_US\" \/><input type=\"hidden\" name=\"_wpcf7_unit_tag\" value=\"wpcf7-f4303-o1\" \/><input type=\"hidden\" name=\"_wpcf7_container_post\" value=\"0\" \/><input type=\"hidden\" name=\"_wpcf7_posted_data_hash\" value=\"\" \/>\n<\/fieldset>\n<div class=\"sp-form\">\n\t<div class=\"col-row\">\n\t\t<div class=\"col-quarter\">\n\t\t\t<p><span class=\"wpcf7-form-control-wrap\" data-name=\"text-340\"><input size=\"40\" maxlength=\"400\" class=\"wpcf7-form-control wpcf7-text wpcf7-validates-as-required\" autocomplete=\"name\" aria-required=\"true\" aria-invalid=\"false\" placeholder=\"Name\" value=\"\" type=\"text\" name=\"text-340\" \/><\/span>\n\t\t\t<\/p>\n\t\t<\/div>\n\t\t<div class=\"col-quarter\">\n\t\t\t<p><span class=\"wpcf7-form-control-wrap\" data-name=\"tel-10\"><input size=\"40\" maxlength=\"400\" class=\"wpcf7-form-control wpcf7-tel wpcf7-validates-as-required wpcf7-text wpcf7-validates-as-tel\" autocomplete=\"name\" aria-required=\"true\" aria-invalid=\"false\" placeholder=\"Phone\" value=\"\" type=\"tel\" name=\"tel-10\" \/><\/span>\n\t\t\t<\/p>\n\t\t<\/div>\n\t\t<div class=\"col-quarter\">\n\t\t\t<p><span class=\"wpcf7-form-control-wrap\" data-name=\"email-563\"><input size=\"40\" maxlength=\"400\" class=\"wpcf7-form-control wpcf7-email wpcf7-validates-as-required wpcf7-text wpcf7-validates-as-email\" autocomplete=\"name\" aria-required=\"true\" aria-invalid=\"false\" placeholder=\"Email\" value=\"\" type=\"email\" name=\"email-563\" \/><\/span>\n\t\t\t<\/p>\n\t\t<\/div>\n\t\t<div class=\"col-quarter\">\n\t\t\t<p><input class=\"wpcf7-form-control wpcf7-submit has-spinner\" type=\"submit\" value=\"SEND\" \/>\n\t\t\t<\/p>\n\t\t<\/div>\n\t<\/div>\n<\/div><p style=\"display: none !important;\" class=\"akismet-fields-container\" data-prefix=\"_wpcf7_ak_\"><label>&#916;<textarea name=\"_wpcf7_ak_hp_textarea\" cols=\"45\" rows=\"8\" maxlength=\"100\"><\/textarea><\/label><input type=\"hidden\" id=\"ak_js_1\" name=\"_wpcf7_ak_js\" value=\"81\"\/><script>document.getElementById( \"ak_js_1\" ).setAttribute( \"value\", ( new Date() ).getTime() );<\/script><\/p><div class=\"wpcf7-response-output\" aria-hidden=\"true\"><\/div>\n<\/form>\n<\/div>\n\n\n\n\t\t<\/div>\n\t\t\t\t\n<style>\n#col-1963823789 > .col-inner {\n  margin: 0px 0px -60px 0px;\n}\n<\/style>\n\t<\/div>\n\n\t\n\n\t<div id=\"col-487453603\" class=\"col small-12 large-12\"  >\n\t\t\t\t<div class=\"col-inner\"  >\n\t\t\t\n\t\t\t\n\n\t<div id=\"text-2693551917\" class=\"text\">\n\t\t\n\n*We recommend that you fill in all fields to allow us to respond in the best possible way.\n\t\t\n<style>\n#text-2693551917 {\n  font-size: 0.85rem;\n  line-height: 1.5;\n}\n@media (min-width:550px) {\n  #text-2693551917 {\n    line-height: 0.75;\n  }\n}\n<\/style>\n\t<\/div>\n\t\n\n\t\t<\/div>\n\t\t\t\t\n<style>\n#col-487453603 > .col-inner {\n  margin: 0px 0px -40px 0px;\n}\n<\/style>\n\t<\/div>\n\n\t\n\n<\/div>\n\n\t\t<\/div>\n\t\t\t\t\n<style>\n#col-134317347 > .col-inner {\n  padding: 0px 0px 0px 0px;\n  margin: 0px 0px -20px 0px;\n}\n@media (min-width:550px) {\n  #col-134317347 > .col-inner {\n    padding: 20px 0px 0px 0px;\n    margin: 0px 0px -66px 0px;\n  }\n}\n<\/style>\n\t<\/div>\n\n\t\n\n<\/div>\n\n\t\t<\/div>\n\t\t\t\t\n<style>\n#col-1671156863 > .col-inner {\n  padding: 30px 10px 0px 10px;\n  border-radius: 30px;\n}\n@media (min-width:550px) {\n  #col-1671156863 > .col-inner {\n    padding: 0px 20px 0px 0px;\n  }\n}\n<\/style>\n\t<\/div>\n\n\t\n\n<\/div>\n\n\t\t<\/div>\n\n\t\t\n<style>\n#section_277285638 {\n  padding-top: 30px;\n  padding-bottom: 30px;\n}\n<\/style>\n\t<\/section>\n\t\n\t\t<\/div>\n\t\t\t\t\t<\/div>\n\n\t\n<\/div>\n\t\t<\/div>\n\n\t\t\n<style>\n#section_1943039822 {\n  padding-top: 30px;\n  padding-bottom: 30px;\n}\n<\/style>\n\t<\/section>\n\t\n\n\t<section class=\"section\" id=\"section_1032371812\">\n\t\t<div class=\"section-bg fill\" >\n\t\t\t\t\t\t\t\t\t\n\t\t\t\n\n\t\t<\/div>\n\n\t\t\n\n\t\t<div class=\"section-content relative\">\n\t\t\t\n<div class=\"row\"  id=\"row-1953114115\">\n\n\t<div id=\"col-1676005536\" class=\"col small-12 large-12\"  >\n\t\t\t\t<div class=\"col-inner\"  >\n\t\t\t\n\t\t\t\n<p>Laser treatment is usually performed under local anesthesia and a laser imaging device called indirect laser ophthalmoscope is used during the procedure. Abnormal vessels are treated with laser, preventing bleeding and other serious complications. In needle therapy, a substance that narrows and eliminates unwanted vessels is injected into the eye. Surgical treatment is usually performed under general anesthesia and abnormal vessels are removed during the surgery. This method can be applied to babies who do not respond to laser treatment or have advanced retinopathy.<\/p>\n<p>During the treatment process, the eye health of babies is closely monitored. Babies&#8217; eyes are examined at regular intervals and the effect of the treatment is checked. As a result, treatment for retinopathy of prematurity can prevent serious vision loss when applied at the right time and in the right way. Eye health of babies can be protected with treatments performed by specialist doctors in hospitals in Izmir.<\/p>\n\n\t<section class=\"section dark\" id=\"section_269727066\">\n\t\t<div class=\"section-bg fill\" >\n\t\t\t\t\t\t\t\t\t\n\t\t\t\n\n\t\t<\/div>\n\n\t\t\n\n\t\t<div class=\"section-content relative\">\n\t\t\t\r\n\r\n\t<div id=\"gap-332690059\" class=\"gap-element clearfix hide-for-medium\" style=\"display:block; height:auto;\">\n\t\t\n<style>\n#gap-332690059 {\n  padding-top: 10px;\n}\n<\/style>\n\t<\/div>\n\t\r\n\r\n<div class=\"row align-middle\"  id=\"row-1320245744\">\r\n\r\n\n\t<div id=\"col-1245722254\" class=\"col medium-12 small-12 large-7\"  >\n\t\t\t\t<div class=\"col-inner\"  >\n\t\t\t\n\t\t\t\r\n\r\n\t<div id=\"text-3852738661\" class=\"text\">\n\t\t\r\n\r\n<div><strong>Contact us for detailed information and appointments!<\/strong><\/div>\r\n\t\t\n<style>\n#text-3852738661 {\n  font-size: 1.25rem;\n  text-align: center;\n}\n@media (min-width:850px) {\n  #text-3852738661 {\n    font-size: 1.6rem;\n    text-align: left;\n  }\n}\n<\/style>\n\t<\/div>\n\t\r\n\r\n\t\t<\/div>\n\t\t\t\t\n<style>\n#col-1245722254 > .col-inner {\n  padding: 20px 0px 0px 0px;\n  margin: 0px 0px -10px 0px;\n}\n@media (min-width:550px) {\n  #col-1245722254 > .col-inner {\n    padding: 0px 0px 0px 0px;\n  }\n}\n<\/style>\n\t<\/div>\n\n\t\r\n\n\t<div id=\"col-1304068406\" class=\"col medium-5 small-12 large-5\"  >\n\t\t\t\t<div class=\"col-inner text-center\"  >\n\t\t\t\n\t\t\t\r\n\r\n<a href=\"https:\/\/api.whatsapp.com\/send\/?phone=905422371206&#038;text=Hello%2C+I+am+reaching+you+from+Prof.+Dr.+Tansu+Erakg%C3%BCn%27s+address.&#038;type=phone_number&#038;app_absent=0\" class=\"button success is-shade is-small box-shadow-5\" style=\"border-radius:10px;padding:5px 20px 5px 20px;\" target=\"_blank\" rel=\"noopener\">\n\t\t<span>Contact via WhatsApp<\/span>\n\t<i class=\"icon-whatsapp\" aria-hidden=\"true\"><\/i><\/a>\n\r\n\r\n\t\t<\/div>\n\t\t\t\t\n<style>\n#col-1304068406 > .col-inner {\n  padding: 20px 0px 0px 0px;\n}\n<\/style>\n\t<\/div>\n\n\t\r\n\r\n<\/div>\r\n\r\n\t\t<\/div>\n\n\t\t\n<style>\n#section_269727066 {\n  padding-top: 0px;\n  padding-bottom: 0px;\n  background-color: rgb(81, 134, 162);\n}\n<\/style>\n\t<\/section>\n\t\r\n\t<div id=\"gap-1841656632\" class=\"gap-element clearfix\" style=\"display:block; height:auto;\">\n\t\t\n<style>\n#gap-1841656632 {\n  padding-top: 20px;\n}\n<\/style>\n\t<\/div>\n\t\r\n\n<h2><span class=\"ez-toc-section\" id=\"FAQ\"><\/span>F.A.Q.<span class=\"ez-toc-section-end\"><\/span><\/h2>\n<p><strong>What are the stages of neonatal retinopathy?<\/strong><\/p>\n<p>Pre-plus phase: In this phase, changes are seen in the retina layer, but there is no vision loss. Plus phase: In this phase, more serious changes are seen in the retina layer and vision loss begins to occur. Intraocular proliferative phase: In this phase, serious changes in the retina layer occur. Changes occur and vision loss progresses further. In this phase, the formation and growth of blood vessels within the eye can be seen. Full proliferative phase: In this phase, serious changes occur in the retina layer and vision loss progresses further. In this phase, the formation of large amounts of blood vessels in the eye and its growth can be seen.<\/p>\n<p><strong>Until what age does neonatal retinopathy occur?<\/strong><\/p>\n<p>Neonatal retinopathy usually occurs in the first few weeks of the baby&#8217;s birth and is usually detected during this period. If neonatal retinopathy is detected within the first few weeks of the baby&#8217;s birth, it can be treated and vision loss can be prevented. However, &#8220;If the detection of neonatal retinopathy is delayed, the treatment effect may decrease and vision loss may progress further. Therefore, it is important to examine the baby&#8217;s eyes in the first few weeks immediately after birth.<\/p>\n<p><strong>What causes neonatal retinopathy?<\/strong><\/p>\n<p>Neonatal retinopathy is a disease that occurs as a result of the incomplete development of the retina (network layer) and vessels in the eye in premature babies. Neonatal retinopathy usually occurs within a few weeks after birth and the baby is usually born prematurely (before 32 weeks). &#8220;However, there are other variable factors that can cause this condition. Neonatal retinopathy can lead to complete blindness if left untreated.<\/p>\n<p><strong>References:<\/strong><\/p>\n<p><a href=\"https:\/\/kidshealth.org\/en\/parents\/rop.html\" target=\"_blank\" rel=\"noopener\">https:\/\/kidshealth.org\/en\/parents\/rop.html<\/a><\/p>\n<p>Holmstr\u00f6m, G., Broberger, U., &amp; Thomassen, P. (1998). <a href=\"https:\/\/www.researchgate.net\/profile\/Gerd-Holmstroem\/publication\/228032643_Neonatal_risk_factors_for_retinopathy_of_prematurity_-_a_population-based_study\/links\/5a9841010f7e9ba42976d43e\/Neonatal-risk-factors-for-retinopathy-of-prematurity-a-population-based-study.pdf\" target=\"_blank\" rel=\"noopener\">Neonatal risk factors for retinopathy of prematurity\u2010a population\u2010based study<\/a>.\u00a0<i>Acta Ophthalmologica Scandinavica<\/i>,\u00a0<i>76<\/i>(2), 204-207.<\/p>\n\t\t<\/div>\n\t\t\t\t\t<\/div>\n\n\t\n<\/div>\n\t\t<\/div>\n\n\t\t\n<style>\n#section_1032371812 {\n  padding-top: 30px;\n  padding-bottom: 30px;\n}\n<\/style>\n\t<\/section>\n\t\n","protected":false},"excerpt":{"rendered":"","protected":false},"author":2,"featured_media":3037,"parent":3485,"menu_order":0,"comment_status":"closed","ping_status":"closed","template":"page-blank.php","meta":{"footnotes":""},"class_list":["post-3738","page","type-page","status-publish","has-post-thumbnail","hentry"],"_links":{"self":[{"href":"https:\/\/tansuerakgun.com\/en\/wp-json\/wp\/v2\/pages\/3738","targetHints":{"allow":["GET"]}}],"collection":[{"href":"https:\/\/tansuerakgun.com\/en\/wp-json\/wp\/v2\/pages"}],"about":[{"href":"https:\/\/tansuerakgun.com\/en\/wp-json\/wp\/v2\/types\/page"}],"author":[{"embeddable":true,"href":"https:\/\/tansuerakgun.com\/en\/wp-json\/wp\/v2\/users\/2"}],"replies":[{"embeddable":true,"href":"https:\/\/tansuerakgun.com\/en\/wp-json\/wp\/v2\/comments?post=3738"}],"version-history":[{"count":4,"href":"https:\/\/tansuerakgun.com\/en\/wp-json\/wp\/v2\/pages\/3738\/revisions"}],"predecessor-version":[{"id":4402,"href":"https:\/\/tansuerakgun.com\/en\/wp-json\/wp\/v2\/pages\/3738\/revisions\/4402"}],"up":[{"embeddable":true,"href":"https:\/\/tansuerakgun.com\/en\/wp-json\/wp\/v2\/pages\/3485"}],"wp:featuredmedia":[{"embeddable":true,"href":"https:\/\/tansuerakgun.com\/en\/wp-json\/wp\/v2\/media\/3037"}],"wp:attachment":[{"href":"https:\/\/tansuerakgun.com\/en\/wp-json\/wp\/v2\/media?parent=3738"}],"curies":[{"name":"wp","href":"https:\/\/api.w.org\/{rel}","templated":true}]}}